{"id":10730,"date":"2025-08-29T14:59:08","date_gmt":"2025-08-29T14:59:08","guid":{"rendered":"https:\/\/cloyes.com\/componentes-de-sincronizacion-de-alto-rendimiento\/"},"modified":"2025-10-24T20:32:55","modified_gmt":"2025-10-24T20:32:55","slug":"componentes-de-sincronizacion-de-alto-rendimiento","status":"publish","type":"page","link":"https:\/\/cloyes.com\/es-mx\/alto-rendimiento-2\/componentes-de-sincronizacion-de-alto-rendimiento\/","title":{"rendered":"Componentes de sincronizaci\u00f3n de alto rendimiento"},"content":{"rendered":"\n<h2>\n\t\t\tAlto rendimiento\t<\/h2>\n\n<h1>\n\t\t\tComponentes de sincronizaci\u00f3n de alto rendimiento\t<\/h1>\n\t<p>Construidos para carreras y mejoras de rendimiento, los componentes de sincronizaci\u00f3n de alto rendimiento de Cloyes ofrecen capacidad de ajuste, construcci\u00f3n ligera y materiales de primera calidad para aplicaciones avanzadas.<\/p>\n\t<h4><strong>Los componentes de los productos de sincronizaci\u00f3n de rendimiento incluyen:<\/strong><\/h4>\n<ul>\n<li><strong>Cadenas de carreras de la serie Z<\/strong><br \/>\nNuestras cadenas m\u00e1s resistentes hasta el momento. Construidas con rodillos de gran tama\u00f1o y materiales de primera calidad para aplicaciones de alta potencia y una longevidad inigualable bajo estr\u00e9s. <\/li>\n<li><strong>Cubiertas de sincronizaci\u00f3n de dos piezas con bot\u00f3n r\u00e1pido<\/strong><br \/>\nAcelere el acceso con las cubiertas de aluminio de 2 piezas de Cloyes. Dise\u00f1adas para ajustes de sincronizaci\u00f3n sin desmontaje completo, ideal para constructores y afinadores de rendimiento. <\/li>\n<\/ul>\n\t<h4><strong>Caracter\u00edsticas destacadas:<\/strong><\/h4>\n<ul>\n<li>Hecho para entusiastas y constructores de motores<\/li>\n<li>Caracter\u00edsticas avanzadas como la capacidad de ajuste de la ranura y la construcci\u00f3n de palanquilla<\/li>\n<\/ul>\n\t<h4><strong><em>Dise\u00f1ado para el mundo real. Con la confianza de los profesionales. <\/em><\/strong><\/h4>\n<p>Desde los viajes diarios hasta las condiciones exigentes, los componentes de transmisi\u00f3n de accesorios Cloyes est\u00e1n dise\u00f1ados para el mundo real. Con m\u00e1s de un siglo de ingenier\u00eda de calidad de equipo original confiable, nuestras soluciones est\u00e1n dise\u00f1adas para mantener los sistemas del motor funcionando de manera suave, silenciosa y confiable. Ya sea que est\u00e9 reemplazando componentes individuales o actualizando todo el sistema de transmisi\u00f3n de accesorios, Cloyes ofrece un rendimiento, una longevidad y una tranquilidad inigualables.  <\/p>\n\t\t\t<a href=\"https:\/\/cloyes.com\/es-mx\/busqueda-de-componentes\/?product-line=stock-replacement\" target=\"_self\">\n\t\t\t\t\t\t\tbuscar mi pieza\n\t\t\t\t\t<\/a>\n\n","protected":false},"excerpt":{"rendered":"<p>Alto rendimiento Componentes de sincronizaci\u00f3n de alto rendimiento Construidos para carreras y mejoras de rendimiento, los componentes de sincronizaci\u00f3n de alto rendimiento de Cloyes ofrecen capacidad de ajuste,&#8230;<\/p>\n","protected":false},"author":8,"featured_media":0,"parent":10742,"menu_order":0,"comment_status":"closed","ping_status":"closed","template":"page-product.php","meta":{"footnotes":""},"class_list":["post-10730","page","type-page","status-publish","hentry"],"aioseo_notices":[],"_links":{"self":[{"href":"https:\/\/cloyes.com\/es-mx\/wp-json\/wp\/v2\/pages\/10730","targetHints":{"allow":["GET"]}}],"collection":[{"href":"https:\/\/cloyes.com\/es-mx\/wp-json\/wp\/v2\/pages"}],"about":[{"href":"https:\/\/cloyes.com\/es-mx\/wp-json\/wp\/v2\/types\/page"}],"author":[{"embeddable":true,"href":"https:\/\/cloyes.com\/es-mx\/wp-json\/wp\/v2\/users\/8"}],"replies":[{"embeddable":true,"href":"https:\/\/cloyes.com\/es-mx\/wp-json\/wp\/v2\/comments?post=10730"}],"version-history":[{"count":2,"href":"https:\/\/cloyes.com\/es-mx\/wp-json\/wp\/v2\/pages\/10730\/revisions"}],"predecessor-version":[{"id":10768,"href":"https:\/\/cloyes.com\/es-mx\/wp-json\/wp\/v2\/pages\/10730\/revisions\/10768"}],"up":[{"embeddable":true,"href":"https:\/\/cloyes.com\/es-mx\/wp-json\/wp\/v2\/pages\/10742"}],"wp:attachment":[{"href":"https:\/\/cloyes.com\/es-mx\/wp-json\/wp\/v2\/media?parent=10730"}],"curies":[{"name":"wp","href":"https:\/\/api.w.org\/{rel}","templated":true}]}}