{"id":10735,"date":"2025-08-29T14:52:12","date_gmt":"2025-08-29T14:52:12","guid":{"rendered":"https:\/\/cloyes.com\/kits-de-sincronizacion-de-alto-rendimiento\/"},"modified":"2025-10-24T20:33:20","modified_gmt":"2025-10-24T20:33:20","slug":"kits-de-sincronizacion-de-alto-rendimiento","status":"publish","type":"page","link":"https:\/\/cloyes.com\/es-mx\/alto-rendimiento-2\/kits-de-sincronizacion-de-alto-rendimiento\/","title":{"rendered":"Kits de sincronizaci\u00f3n de alto rendimiento"},"content":{"rendered":"\n<h2>\n\t\t\tAlto rendimiento\t<\/h2>\n\n<h1>\n\t\t\tKits de sincronizaci\u00f3n de alto rendimiento\t<\/h1>\n\t<h2><strong>Kits de sincronizaci\u00f3n de alto rendimiento<\/strong><\/h2>\n<p>Dise\u00f1ados para carreras y mejoras de rendimiento, los juegos y componentes de sincronizaci\u00f3n de alto rendimiento de Cloyes ofrecen capacidad de ajuste, construcci\u00f3n ligera y materiales de primera calidad para aplicaciones avanzadas.<\/p>\n\t<h4><strong>Los kits de productos de sincronizaci\u00f3n de rendimiento incluyen:<\/strong><\/h4>\n<ul>\n<li><strong>Nuevos kits de eliminaci\u00f3n de LT Phaser<\/strong>: elimine el cam phaser sin reemplazar la cubierta de la sincronizaci\u00f3n. El dise\u00f1o de palanquilla liviana ofrece alineaci\u00f3n del sensor OE, masa reducida y capacidad de ajuste mejorada, perfecto para actualizaciones serias del motor LT. <\/li>\n<li><strong>Juegos de sincronizaci\u00f3n de ajuste r\u00e1pido<\/strong>: simplifique los ajustes de sincronizaci\u00f3n de la leva con ruedas dentadas de cig\u00fce\u00f1al ranuradas o de m\u00faltiples chavetas. Dise\u00f1ado para constructores que desean una sintonizaci\u00f3n r\u00e1pida y repetible sin quitar el juego de sincronizaci\u00f3n. <\/li>\n<li><strong>Juegos de sincronizaci\u00f3n de rodillos verdaderos Hex-A-Just\u2122<\/strong>: nuestro sistema patentado Hex-A-Just permite \u00b16\u00b0 de sincronizaci\u00f3n de la leva sin quitar el juego. Con la confianza de los profesionales del rendimiento durante m\u00e1s de 20 a\u00f1os. <\/li>\n<li><strong>Juegos de rodillos verdaderos y de palanquilla de carrera<\/strong>: construidos para altas RPM. Ruedas dentadas de acero billet, cadenas premium de doble hilera y rendimiento sin concesiones, estos juegos est\u00e1n hechos para ganar dentro y fuera de la pista. <\/li>\n<li><strong>Juegos de rodillos verdaderos y de palanquilla de calle<\/strong>: dise\u00f1ados para la potencia de conducci\u00f3n diaria. Obtenga el rendimiento de nuestra serie de carreras con componentes ajustados para brindar durabilidad y confiabilidad en aplicaciones de calle. <\/li>\n<li><strong>Juegos de sincronizaci\u00f3n de servicio pesado<\/strong>: lo suficientemente resistentes para remolcar y para gran potencia. Estos juegos combinan materiales de primera calidad, resistencia de la cadena y resistencia al desgaste para construcciones exigentes de calle o de caballo de batalla. <\/li>\n<\/ul>\n\t<h4><strong>Puntos destacados:<\/strong><\/h4>\n<ul>\n<li>Hecho para entusiastas y constructores de motores<\/li>\n<li>Caracter\u00edsticas avanzadas como ajuste de chaveta y construcci\u00f3n de palanquilla<\/li>\n<li>Disponible con cadenas Premium True\u00ae Roller y Z-Racing<\/li>\n<\/ul>\n\t<h4><strong><em>Dise\u00f1ado para el mundo real. Con la confianza de los profesionales. <\/em><\/strong><\/h4>\n<p>Desde los viajes diarios hasta las condiciones exigentes, los componentes de transmisi\u00f3n de accesorios Cloyes est\u00e1n dise\u00f1ados para el mundo real. Con m\u00e1s de un siglo de ingenier\u00eda de calidad de equipo original confiable, nuestras soluciones est\u00e1n dise\u00f1adas para mantener los sistemas del motor funcionando de manera suave, silenciosa y confiable. Ya sea que est\u00e9 reemplazando componentes individuales o actualizando todo el sistema de transmisi\u00f3n de accesorios, Cloyes ofrece un rendimiento, una longevidad y una tranquilidad inigualables.  <\/p>\n\t\t\t<a href=\"https:\/\/cloyes.com\/es-mx\/busqueda-de-componentes\/?product-line=stock-replacement\" target=\"_self\">\n\t\t\t\t\t\t\tbuscar mi pieza\n\t\t\t\t\t<\/a>\n\n","protected":false},"excerpt":{"rendered":"<p>Alto rendimiento Kits de sincronizaci\u00f3n de alto rendimiento Kits de sincronizaci\u00f3n de alto rendimiento Dise\u00f1ados para carreras y mejoras de rendimiento, los juegos y componentes de sincronizaci\u00f3n de&#8230;<\/p>\n","protected":false},"author":8,"featured_media":0,"parent":10742,"menu_order":0,"comment_status":"closed","ping_status":"closed","template":"page-product.php","meta":{"footnotes":""},"class_list":["post-10735","page","type-page","status-publish","hentry"],"aioseo_notices":[],"_links":{"self":[{"href":"https:\/\/cloyes.com\/es-mx\/wp-json\/wp\/v2\/pages\/10735","targetHints":{"allow":["GET"]}}],"collection":[{"href":"https:\/\/cloyes.com\/es-mx\/wp-json\/wp\/v2\/pages"}],"about":[{"href":"https:\/\/cloyes.com\/es-mx\/wp-json\/wp\/v2\/types\/page"}],"author":[{"embeddable":true,"href":"https:\/\/cloyes.com\/es-mx\/wp-json\/wp\/v2\/users\/8"}],"replies":[{"embeddable":true,"href":"https:\/\/cloyes.com\/es-mx\/wp-json\/wp\/v2\/comments?post=10735"}],"version-history":[{"count":2,"href":"https:\/\/cloyes.com\/es-mx\/wp-json\/wp\/v2\/pages\/10735\/revisions"}],"predecessor-version":[{"id":10770,"href":"https:\/\/cloyes.com\/es-mx\/wp-json\/wp\/v2\/pages\/10735\/revisions\/10770"}],"up":[{"embeddable":true,"href":"https:\/\/cloyes.com\/es-mx\/wp-json\/wp\/v2\/pages\/10742"}],"wp:attachment":[{"href":"https:\/\/cloyes.com\/es-mx\/wp-json\/wp\/v2\/media?parent=10735"}],"curies":[{"name":"wp","href":"https:\/\/api.w.org\/{rel}","templated":true}]}}