{"id":7147,"date":"2019-04-30T08:28:46","date_gmt":"2019-04-30T08:28:46","guid":{"rendered":"https:\/\/cloyes.com\/inicio\/"},"modified":"2024-07-30T21:10:53","modified_gmt":"2024-07-30T21:10:53","slug":"inicio","status":"publish","type":"page","link":"https:\/\/cloyes.com\/es-mx\/inicio\/","title":{"rendered":"Inicio"},"content":{"rendered":"\n<h1>\n\t\tLAS CADENAS DE DISTRIBUCI\u00d3N NECESITAN <br \/>TENSION<br \/> SUS CLIENTES NO\n\t<\/h1>\n\t<p>&nbsp;<\/p>\n<p>&nbsp;<\/p>\n<p>&nbsp;<\/p>\n<p>SUS CLIENTES NO Desde nuestros kits completos de distribuci\u00f3n, hasta nuestra garant\u00eda totalmente respaldada, pasando por el inigualable soporte t\u00e9cnico que ofrece nuestro equipo &#8211; desde hace mas de 100 a\u00f1os y contando, Cloyes es realmente el mejor de todos los sistemas de distribuci\u00f3n.<\/p>\n\t\t\t<a href=\"https:\/\/cloyes.com\/es-mx\/busqueda-de-componentes\/\" target=\"_self\" role=\"button\" rel=\"noopener\">\n\t\t\t\t\t\t\tENCONTRAR MI PARTE\n\t\t\t\t\t<\/a>\n\t\t\t\t<img loading=\"lazy\" decoding=\"async\" src=\"https:\/\/cloyes.com\/wp-content\/uploads\/2021\/03\/Layer-3-copy.png\" alt=\"Layer-3-copy\" itemprop=\"image\" height=\"646\" width=\"556\" title=\"Layer-3-copy\" onerror=\"this.style.display='none'\"  \/>\n<h2>\n\t\tProductos\n\t<\/h2>\n\t\t\t\t<img loading=\"lazy\" decoding=\"async\" src=\"https:\/\/cloyes.com\/wp-content\/uploads\/2019\/07\/9-0391SBVVT.jpg\" alt=\"Cloyes newest product line, Variable Valve Timing (VVT) Chain Kits, offer technicians a complete repair solution for higher mileage vehicles\" itemprop=\"image\" height=\"2440\" width=\"2948\" title=\"VARIABLE VALVE TIMING CHAIN KITS\" onerror=\"this.style.display='none'\"  \/>\n\t\t\t\t<img loading=\"lazy\" decoding=\"async\" src=\"https:\/\/cloyes.com\/wp-content\/uploads\/2022\/10\/Screen-Shot-2019-01-24-at-10.24.jpg\" alt=\"Screen-Shot-2019-01-24-at-10.24\" itemprop=\"image\" height=\"300\" width=\"530\" title=\"Screen-Shot-2019-01-24-at-10.24\" onerror=\"this.style.display='none'\"  \/>\n<h2>\n\t\tCambio de componentes\n\t<\/h2>\n\t<p>La ingenier\u00eda de Cloyes se centra en kits completos de distribuci\u00f3n, ofreciendo kits de distribuci\u00f3n y componentes de motor de la m\u00e1s alta calidad, que cumplen o superan el rendimiento del OEM.<\/p>\n\t\t\t<a href=\"https:\/\/cloyes.com\/es-mx\/distribucion\/kits-de-cadena-de-distribucion\/\" target=\"_self\" role=\"button\" rel=\"noopener\">\n\t\t\t\t\t\t\tCONOZCA M\u00c1S\n\t\t\t\t\t<\/a>\n\t\t\t\t<img loading=\"lazy\" decoding=\"async\" src=\"https:\/\/cloyes.com\/wp-content\/uploads\/2022\/10\/Layer-4.png\" alt=\"Layer-4\" itemprop=\"image\" height=\"320\" width=\"236\" title=\"Layer-4\" onerror=\"this.style.display='none'\"  \/>\n\t\t\t\t<img loading=\"lazy\" decoding=\"async\" src=\"https:\/\/cloyes.com\/wp-content\/uploads\/2019\/06\/Cloyes-Hex-A-Just.jpg\" alt=\"Cloyes Hex A Just Video\" itemprop=\"image\" height=\"530\" width=\"785\" title=\"Cloyes-Hex-A-Just\" onerror=\"this.style.display='none'\"  \/>\n<h2>\n\t\tALTO RENDIMIENTO\n\t<\/h2>\n\t<p>Con m\u00e1s de 50 a\u00f1os de experiencia en el mundo de high performance, los kits de distribuci\u00f3n y los productos de competici\u00f3n de Cloyes cuentan con una tecnolog\u00eda avanzada y una calidad inigualable, para un rendimiento \u00f3ptimo en las carreras.<\/p>\n\t\t\t<a href=\"https:\/\/cloyes.com\/es-mx\/alto-rendimiento\/cadena-de-distribucion-de-competicion-serie-z\/\" target=\"_self\" role=\"button\" rel=\"noopener\">\n\t\t\t\t\t\t\tCONOZCA M\u00c1S\n\t\t\t\t\t<\/a>\n<h2>\n\t\tCentro tecnol\u00f3gico\n\t<\/h2>\n<div class=\"post-category-list-container\"><ul id=\"postThreeCat\" class=\"post-category\"><li class=\"active\"><a href=\"all\">Todo<\/a><\/li><li><a href=\"uncategorized-es-mx\">Uncategorized @es-mx<\/a><\/li><li><a href=\"videos-tecnicos-es-mx\">V\u00eddeos t\u00e9cnicos<\/a><\/li><li><a href=\"instrucciones-de-instalacion-es-mx\">Instrucciones de instalaci\u00f3n<\/a><\/li><li><a href=\"consejos-de-instalacion-es-mx\">Consejos de instalaci\u00f3n<\/a><\/li><li><a href=\"noticias-es-mx\">Noticias<\/a><\/li><\/ul><div class=\"home-post-filter-nav for-desktop-only\"><a href=\"javascript:;\" id=\"rotateLeft\" class=\"rotate-left disabled\"><i class=\"fa fa-angle-left\"><\/i><\/a><a href=\"javascript:;\" id=\"rotateRight\" class=\"rotate-right\"><i class=\"fa fa-angle-right\"><\/i><\/a><\/div><div class=\"clearfix\"><\/div><div id=\"threePostWrap\" class=\"row post-list\"><div id=\"loading_more_blogs\" style=\"display:none;\"><div><\/div><\/div><div class=\"threepost col-md-4 col-sm-12\"><div class=\"post-list-individual\" data-aos=\"fade-up\" data-aos-duration=\"1500\"><a href=\"https:\/\/cloyes.com\/es-mx\/motores-ford-coyote-5-0l-video-de-reemplazo-de-la-cadena-de-distribucion-de-la-f-150-2015-2020-17\/\" class=\"post-thumb-anchor\"><div class=\"post-featured\" style=\"background-image:url(https:\/\/cloyes.com\/wp-content\/uploads\/2026\/03\/youtube-thumbnails-handoff-20-1.png);\"><\/div><\/a><h3 class=\"post-title\"><a href=\"https:\/\/cloyes.com\/es-mx\/motores-ford-coyote-5-0l-video-de-reemplazo-de-la-cadena-de-distribucion-de-la-f-150-2015-2020-17\/\">Motores Ford Coyote 5.0L: Video de reemplazo de la cadena de distribuci\u00f3n de la F-150 2015 - 2020<\/a><\/h3><strong><span class=\"cat-name\"><a href=\"\/category\/videos-tecnicos-es-mx\">V\u00eddeos t\u00e9cnicos<\/a><\/span><span class=\"meta-seperator\">|<\/span><span class=\"post-date\">marzo 25, 2026<\/span><\/strong><p><p>LAS CADENAS DE DISTRIBUCI\u00d3N NECESITAN TENSION SUS CLIENTES NO &nbsp; &nbsp; &nbsp; SUS CLIENTES NO Desde nuestros kits completos de distribuci\u00f3n, hasta nuestra garant\u00eda totalmente respaldada, pasando por&#8230;<\/p>\n <a class=\"post-read-more\" href=\"https:\/\/cloyes.com\/es-mx\/motores-ford-coyote-5-0l-video-de-reemplazo-de-la-cadena-de-distribucion-de-la-f-150-2015-2020-17\/\">\nLeer m\u00e1s<\/a><\/p><\/div><\/div><div class=\"threepost col-md-4 col-sm-12\"><div class=\"post-list-individual\" data-aos=\"fade-up\" data-aos-duration=\"1500\"><a href=\"https:\/\/cloyes.com\/es-mx\/cloyes-ofrece-su-mayor-expansion-de-cobertura-hasta-el-momento-se-agregan-123-nuevos-componentes-de-distribucion-variable-vvt-5\/\" class=\"post-thumb-anchor\"><div class=\"post-featured\" style=\"background-image:url(https:\/\/cloyes.com\/wp-content\/uploads\/2026\/03\/Website-Blog-Image-2.png);\"><\/div><\/a><h3 class=\"post-title\"><a href=\"https:\/\/cloyes.com\/es-mx\/cloyes-ofrece-su-mayor-expansion-de-cobertura-hasta-el-momento-se-agregan-123-nuevos-componentes-de-distribucion-variable-vvt-5\/\">Cloyes Ofrece Su Mayor Expansi\u00f3n de Cobertura Hasta el Momento: Se Agregan 123 Nuevos Componentes de Distribuci\u00f3n Variable (VVT)<\/a><\/h3><strong><span class=\"cat-name\"><a href=\"\/category\/noticias-es-mx\">Noticias<\/a><\/span><span class=\"meta-seperator\">|<\/span><span class=\"post-date\">marzo 23, 2026<\/span><\/strong><p>Cloyes est\u00e1 expandiendo su l\u00ednea de productos de distribuci\u00f3n variable (VVT) con 123 nuevos n\u00fameros de pieza que cubren veh\u00edculos nacionales e importados populares de 1997-2025. Este lanzamiento... <a class=\"post-read-more\" href=\"https:\/\/cloyes.com\/es-mx\/cloyes-ofrece-su-mayor-expansion-de-cobertura-hasta-el-momento-se-agregan-123-nuevos-componentes-de-distribucion-variable-vvt-5\/\">\nLeer m\u00e1s<\/a><\/p><\/div><\/div><div class=\"threepost col-md-4 col-sm-12\"><div class=\"post-list-individual\" data-aos=\"fade-up\" data-aos-duration=\"1500\"><a href=\"https:\/\/cloyes.com\/es-mx\/motores-ford-coyote-5-0l-video-de-reemplazo-de-la-cadena-de-distribucion-de-la-f-150-2015-2020-16\/\" class=\"post-thumb-anchor\"><div class=\"post-featured\" style=\"background-image:url(https:\/\/cloyes.com\/wp-content\/uploads\/2026\/03\/youtube-thumbnails-handoff-19.png);\"><\/div><\/a><h3 class=\"post-title\"><a href=\"https:\/\/cloyes.com\/es-mx\/motores-ford-coyote-5-0l-video-de-reemplazo-de-la-cadena-de-distribucion-de-la-f-150-2015-2020-16\/\">Motores Ford Coyote 5.0L: Video de reemplazo de la cadena de distribuci\u00f3n de la F-150 2015 - 2020<\/a><\/h3><strong><span class=\"cat-name\"><a href=\"\/category\/videos-tecnicos-es-mx\">V\u00eddeos t\u00e9cnicos<\/a><\/span><span class=\"meta-seperator\">|<\/span><span class=\"post-date\">marzo 19, 2026<\/span><\/strong><p>Este video t\u00e9cnico de Cloyes cubre la extracci\u00f3n e instalaci\u00f3n del sistema de distribuci\u00f3n para los motores Coyote 5.0L 2015 a 2020 F-150 V8 de Ford. Esto solo... <a class=\"post-read-more\" href=\"https:\/\/cloyes.com\/es-mx\/motores-ford-coyote-5-0l-video-de-reemplazo-de-la-cadena-de-distribucion-de-la-f-150-2015-2020-16\/\">\nLeer m\u00e1s<\/a><\/p><\/div><\/div><\/div><\/div>\n\n","protected":false},"excerpt":{"rendered":"<p>LAS CADENAS DE DISTRIBUCI\u00d3N NECESITAN TENSION SUS CLIENTES NO &nbsp; &nbsp; &nbsp; SUS CLIENTES NO Desde nuestros kits completos de distribuci\u00f3n, hasta nuestra garant\u00eda totalmente respaldada, pasando por&#8230;<\/p>\n","protected":false},"author":3,"featured_media":0,"parent":0,"menu_order":0,"comment_status":"closed","ping_status":"closed","template":"page-beaver.php","meta":{"footnotes":""},"class_list":["post-7147","page","type-page","status-publish","hentry"],"aioseo_notices":[],"_links":{"self":[{"href":"https:\/\/cloyes.com\/es-mx\/wp-json\/wp\/v2\/pages\/7147","targetHints":{"allow":["GET"]}}],"collection":[{"href":"https:\/\/cloyes.com\/es-mx\/wp-json\/wp\/v2\/pages"}],"about":[{"href":"https:\/\/cloyes.com\/es-mx\/wp-json\/wp\/v2\/types\/page"}],"author":[{"embeddable":true,"href":"https:\/\/cloyes.com\/es-mx\/wp-json\/wp\/v2\/users\/3"}],"replies":[{"embeddable":true,"href":"https:\/\/cloyes.com\/es-mx\/wp-json\/wp\/v2\/comments?post=7147"}],"version-history":[{"count":11,"href":"https:\/\/cloyes.com\/es-mx\/wp-json\/wp\/v2\/pages\/7147\/revisions"}],"predecessor-version":[{"id":9654,"href":"https:\/\/cloyes.com\/es-mx\/wp-json\/wp\/v2\/pages\/7147\/revisions\/9654"}],"wp:attachment":[{"href":"https:\/\/cloyes.com\/es-mx\/wp-json\/wp\/v2\/media?parent=7147"}],"curies":[{"name":"wp","href":"https:\/\/api.w.org\/{rel}","templated":true}]}}