{"id":7152,"date":"2019-06-18T11:33:04","date_gmt":"2019-06-18T11:33:04","guid":{"rendered":"https:\/\/cloyes.com\/cadena-de-distribucion-de-competicion-serie-z\/"},"modified":"2022-10-20T13:29:28","modified_gmt":"2022-10-20T13:29:28","slug":"cadena-de-distribucion-de-competicion-serie-z","status":"publish","type":"page","link":"https:\/\/cloyes.com\/es-mx\/alto-rendimiento\/cadena-de-distribucion-de-competicion-serie-z\/","title":{"rendered":"CADENA DE DISTRIBUCI\u00d3N DE COMPETICI\u00d3N SERIE Z"},"content":{"rendered":"\n<h2>\n\t\tAlto rendimiento\n\t<\/h2>\n\t\t\t\t<img loading=\"lazy\" decoding=\"async\" src=\"https:\/\/cloyes.com\/wp-content\/uploads\/2022\/10\/Z-Series-Racing-Chain.png\" alt=\"Z-Series-Racing-Chain\" itemprop=\"image\" height=\"353\" width=\"500\" title=\"Z-Series-Racing-Chain\" onerror=\"this.style.display='none'\"  \/>\n<h3>\n\t\tCadena de distribuci\u00f3n de competici\u00f3n de la serie Z\n\t<\/h3>\n\t<p><strong>Las cadenas de competici\u00f3n Z-Series llevan su juego de distribuci\u00f3n a la cima de la durabilidad. Es la elecci\u00f3n n\u00famero 1 de los mejores equipos profesionales en carreras de velocidad, c\u00edrculo, pista, arrastre y fuera de la carretera.<\/strong><\/p>\n<ul>\n<li>La exclusiva cadena &#8220;Z&#8221; de Cloyes es la cadena m\u00e1s duradera y fiable disponible en la actualidad, ya que ofrece un 33% m\u00e1s de resistencia general que nuestra actual cadena de primera calidad<\/li>\n<li>La cadena Z de doble rodillo est\u00e1 fabricada con acero de alta resistencia con un tratamiento t\u00e9rmico propio. Los eslabones finos y sin relieve reducen los aumentos de tensi\u00f3n, reduciendo as\u00ed las fracturas bajo carga severa<\/li>\n<li>Los eslabones centrales ajustados a presi\u00f3n mejoran el reparto de la carga reduciendo los picos de carga en cualquier componente individual y proporcionando una mayor resistencia general<\/li>\n<li>La serie &#8220;Z Racing&#8221; es la elecci\u00f3n para aquellas construcciones de motor personalizadas extremas que no exigen ning\u00fan compromiso<\/li>\n<\/ul>\n\n","protected":false},"excerpt":{"rendered":"<p>Alto rendimiento Cadena de distribuci\u00f3n de competici\u00f3n de la serie Z Las cadenas de competici\u00f3n Z-Series llevan su juego de distribuci\u00f3n a la cima de la durabilidad. Es&#8230;<\/p>\n","protected":false},"author":3,"featured_media":0,"parent":7163,"menu_order":0,"comment_status":"closed","ping_status":"closed","template":"page-product.php","meta":{"footnotes":""},"class_list":["post-7152","page","type-page","status-publish","hentry"],"aioseo_notices":[],"_links":{"self":[{"href":"https:\/\/cloyes.com\/es-mx\/wp-json\/wp\/v2\/pages\/7152","targetHints":{"allow":["GET"]}}],"collection":[{"href":"https:\/\/cloyes.com\/es-mx\/wp-json\/wp\/v2\/pages"}],"about":[{"href":"https:\/\/cloyes.com\/es-mx\/wp-json\/wp\/v2\/types\/page"}],"author":[{"embeddable":true,"href":"https:\/\/cloyes.com\/es-mx\/wp-json\/wp\/v2\/users\/3"}],"replies":[{"embeddable":true,"href":"https:\/\/cloyes.com\/es-mx\/wp-json\/wp\/v2\/comments?post=7152"}],"version-history":[{"count":3,"href":"https:\/\/cloyes.com\/es-mx\/wp-json\/wp\/v2\/pages\/7152\/revisions"}],"predecessor-version":[{"id":8084,"href":"https:\/\/cloyes.com\/es-mx\/wp-json\/wp\/v2\/pages\/7152\/revisions\/8084"}],"up":[{"embeddable":true,"href":"https:\/\/cloyes.com\/es-mx\/wp-json\/wp\/v2\/pages\/7163"}],"wp:attachment":[{"href":"https:\/\/cloyes.com\/es-mx\/wp-json\/wp\/v2\/media?parent=7152"}],"curies":[{"name":"wp","href":"https:\/\/api.w.org\/{rel}","templated":true}]}}