{"id":7154,"date":"2019-06-18T12:36:43","date_gmt":"2019-06-18T12:36:43","guid":{"rendered":"https:\/\/cloyes.com\/juegos-de-distribucion-de-rodillos-true-de-street-billet\/"},"modified":"2022-10-20T13:49:01","modified_gmt":"2022-10-20T13:49:01","slug":"juegos-de-distribucion-de-rodillos-true-de-street-billet","status":"publish","type":"page","link":"https:\/\/cloyes.com\/es-mx\/alto-rendimiento\/juegos-de-distribucion-de-rodillos-true-de-street-billet\/","title":{"rendered":"JUEGOS DE DISTRIBUCI\u00d3N DE RODILLOS TRUE\u00ae DE STREET BILLET"},"content":{"rendered":"\n<h2>\n\t\tAlto rendimiento\n\t<\/h2>\n\t\t\t\t<img loading=\"lazy\" decoding=\"async\" src=\"https:\/\/cloyes.com\/wp-content\/uploads\/2019\/06\/Street-Billet-True-Roller-Timing-Set.png\" alt=\"Chains are rugged, double-row types with oversized .250-inch True Roller Chains that deliver long life and reliability\" itemprop=\"image\" height=\"386\" width=\"400\" title=\"Street-Billet-True-Roller-Timing-Set\" onerror=\"this.style.display='none'\"  \/>\n<h3>\n\t\tJUEGOS DE DISTRIBUCI\u00d3N DE RODILLOS TRUE\u00ae DE STREET BILLET\n\t<\/h3>\n\t<p><strong>Los juegos de distribuci\u00f3n Cloyes Street True Roller ofrecen un nuevo nivel de ventaja de True Roller para el corredor impulsado por el valor.<\/strong><\/p>\n<ul>\n<li>Pi\u00f1ones de leva de hierro fundido mecanizados con precisi\u00f3n y pi\u00f1ones de manivela de acero templado por inducci\u00f3n<\/li>\n<li>Los pi\u00f1ones del cig\u00fce\u00f1al tienen tres chavetas para el ajuste de la distribuci\u00f3n: 4 grados de retraso, 4 grados de avance y normal<\/li>\n<li>Las cadenas son robustas, de doble hilera, con cadenas de rodillos verdaderos sobredimensionados de 0,250 pulgadas que ofrecen una larga vida \u00fatil y fiabilidad<\/li>\n<li>Posibilidad de ajuste en incrementos de 2 grados de la manivela<\/li>\n<\/ul>\n\n","protected":false},"excerpt":{"rendered":"<p>Alto rendimiento JUEGOS DE DISTRIBUCI\u00d3N DE RODILLOS TRUE\u00ae DE STREET BILLET Los juegos de distribuci\u00f3n Cloyes Street True Roller ofrecen un nuevo nivel de ventaja de True Roller&#8230;<\/p>\n","protected":false},"author":3,"featured_media":0,"parent":7163,"menu_order":0,"comment_status":"closed","ping_status":"closed","template":"page-product.php","meta":{"footnotes":""},"class_list":["post-7154","page","type-page","status-publish","hentry"],"aioseo_notices":[],"_links":{"self":[{"href":"https:\/\/cloyes.com\/es-mx\/wp-json\/wp\/v2\/pages\/7154","targetHints":{"allow":["GET"]}}],"collection":[{"href":"https:\/\/cloyes.com\/es-mx\/wp-json\/wp\/v2\/pages"}],"about":[{"href":"https:\/\/cloyes.com\/es-mx\/wp-json\/wp\/v2\/types\/page"}],"author":[{"embeddable":true,"href":"https:\/\/cloyes.com\/es-mx\/wp-json\/wp\/v2\/users\/3"}],"replies":[{"embeddable":true,"href":"https:\/\/cloyes.com\/es-mx\/wp-json\/wp\/v2\/comments?post=7154"}],"version-history":[{"count":2,"href":"https:\/\/cloyes.com\/es-mx\/wp-json\/wp\/v2\/pages\/7154\/revisions"}],"predecessor-version":[{"id":8096,"href":"https:\/\/cloyes.com\/es-mx\/wp-json\/wp\/v2\/pages\/7154\/revisions\/8096"}],"up":[{"embeddable":true,"href":"https:\/\/cloyes.com\/es-mx\/wp-json\/wp\/v2\/pages\/7163"}],"wp:attachment":[{"href":"https:\/\/cloyes.com\/es-mx\/wp-json\/wp\/v2\/media?parent=7154"}],"curies":[{"name":"wp","href":"https:\/\/api.w.org\/{rel}","templated":true}]}}