{"id":7155,"date":"2019-05-07T05:42:53","date_gmt":"2019-05-07T05:42:53","guid":{"rendered":"https:\/\/cloyes.com\/contacto_antiguo\/"},"modified":"2024-07-18T16:18:16","modified_gmt":"2024-07-18T16:18:16","slug":"contacto_antiguo","status":"publish","type":"page","link":"https:\/\/cloyes.com\/es-mx\/contacto_antiguo\/","title":{"rendered":"Contacto"},"content":{"rendered":"<h2>\n  Contacte con\n\t<\/h2>\n<h3>\n  \u00bfPreguntas?\n\t<\/h3>\n    <h4>horas<\/h4>\n De lunes a viernes <br>\n8:00AM &#8211; 4:30PM CT\n    <h4>tel\u00e9fono<\/h4>\n    <strong>Soporte t\u00e9cnico<\/strong><br>\n    <a href=\"tel:479-646-1662\">479-646-1662<\/a> ext. 228<br>\n    <strong>Servicio de atenci\u00f3n al cliente<\/strong><br>\n    <a href=\"tel:479-646-1662\">479-646-1662<\/a> ext. 297\n    <h4>DIRECCI\u00d3N POSTAL<\/h4>\n C\/O Asistencia T\u00e9cnica<br>\n7800 Ball Road<br>\nFt. Smith, AR 72908\n<h3>\n  ENV\u00cdANOS UN MENSAJE\n\t<\/h3>\n\t\n<div class=\"wpcf7 no-js\" id=\"wpcf7-f8618-o1\" lang=\"es-MX\" dir=\"ltr\" data-wpcf7-id=\"8618\">\n<div class=\"screen-reader-response\"><p role=\"status\" aria-live=\"polite\" aria-atomic=\"true\"><\/p> <ul><\/ul><\/div>\n<form action=\"\/es-mx\/wp-json\/wp\/v2\/pages\/7155#wpcf7-f8618-o1\" method=\"post\" class=\"wpcf7-form init\" aria-label=\"Formulario de contacto\" novalidate=\"novalidate\" data-status=\"init\">\n<fieldset class=\"hidden-fields-container\"><input type=\"hidden\" name=\"_wpcf7\" value=\"8618\" \/><input type=\"hidden\" name=\"_wpcf7_version\" value=\"6.1.5\" \/><input type=\"hidden\" name=\"_wpcf7_locale\" value=\"es_MX\" \/><input type=\"hidden\" name=\"_wpcf7_unit_tag\" value=\"wpcf7-f8618-o1\" \/><input type=\"hidden\" name=\"_wpcf7_container_post\" value=\"0\" \/><input type=\"hidden\" name=\"_wpcf7_posted_data_hash\" value=\"\" \/>\n<\/fieldset>\n<div class=\"row\">\n\t<div class=\"col-md-6\">\n\t\t<div class=\"select-icon-parent field-wrap\">\n\t\t\t<div class=\"placeholder\">\n\t\t\t\t<p><label for=\"category\"><span class=\"red-asterik\">Categor\u00eda<\/span><\/label>\n\t\t\t\t<\/p>\n\t\t\t<\/div>\n\t\t\t<p><span class=\"wpcf7-form-control-wrap\" data-name=\"category\"><select class=\"wpcf7-form-control wpcf7-select wpcf7-validates-as-required field-default\" id=\"category\" aria-required=\"true\" aria-invalid=\"false\" name=\"category\"><option value=\"\"><\/option><option value=\"General\">General<\/option><option value=\"Aftermarket Customer Service\">Aftermarket Customer Service<\/option><option value=\"Aftermarket Sales\">Aftermarket Sales<\/option><option value=\"High Performance Products &amp; Sales\">High Performance Products &amp; Sales<\/option><option value=\"Export Sales\">Export Sales<\/option><option value=\"Technical Assistance\">Technical Assistance<\/option><\/select><\/span>\n\t\t\t<\/p>\n\t\t<\/div>\n\t\t<div class=\"field-wrap\">\n\t\t\t<div class=\"placeholder\">\n\t\t\t\t<p><label><span class=\"red-asterik\">Nombre<\/span><\/label>\n\t\t\t\t<\/p>\n\t\t\t<\/div>\n\t\t\t<p><span class=\"wpcf7-form-control-wrap\" data-name=\"your-name\"><input size=\"40\" maxlength=\"400\" class=\"wpcf7-form-control wpcf7-text wpcf7-validates-as-required field-default\" aria-required=\"true\" aria-invalid=\"false\" value=\"\" type=\"text\" name=\"your-name\" \/><\/span>\n\t\t\t<\/p>\n\t\t<\/div>\n\t\t<div class=\"field-wrap\">\n\t\t\t<div class=\"placeholder\">\n\t\t\t\t<p><label><span class=\"red-asterik\">Correo<\/span> electr\u00f3nico<\/label>\n\t\t\t\t<\/p>\n\t\t\t<\/div>\n\t\t\t<p><span class=\"wpcf7-form-control-wrap\" data-name=\"email\"><input size=\"40\" maxlength=\"400\" class=\"wpcf7-form-control wpcf7-email wpcf7-validates-as-required wpcf7-text wpcf7-validates-as-email field-default\" aria-required=\"true\" aria-invalid=\"false\" value=\"\" type=\"email\" name=\"email\" \/><\/span>\n\t\t\t<\/p>\n\t\t<\/div>\n\t\t<div class=\"field-wrap\">\n\t\t\t<div class=\"placeholder\">\n\t\t\t\t<p><label>Tel\u00e9fono<\/label>\n\t\t\t\t<\/p>\n\t\t\t<\/div>\n\t\t\t<p><span class=\"wpcf7-form-control-wrap phone\"><input type=\"text\" value=\"\" name=\"phone\" class=\"wpcf7-form-control wpcf7-mask wpcf7mf-mask field-default\" size=\"40\" aria-required=\"\" aria-invalid=\"\" placeholder=\"Phone\" data-mask=\"(___) ___-____\" \/><\/span>\n\t\t\t<\/p>\n\t\t<\/div>\n\t\t<div class=\"field-wrap\">\n\t\t\t<div class=\"placeholder\">\n\t\t\t\t<p><label><span class=\"red-asterik\">Mensaje<\/span><\/label>\n\t\t\t\t<\/p>\n\t\t\t<\/div>\n\t\t\t<p><span class=\"wpcf7-form-control-wrap\" data-name=\"message\"><textarea cols=\"40\" rows=\"10\" maxlength=\"2000\" class=\"wpcf7-form-control wpcf7-textarea wpcf7-validates-as-required field-default\" aria-required=\"true\" aria-invalid=\"false\" name=\"message\"><\/textarea><\/span>\n\t\t\t<\/p>\n\t\t<\/div>\n\t<\/div>\n\t<div class=\"col-md-6\">\n\t\t<div class=\"select-icon-parent field-wrap\">\n\t\t\t<div class=\"placeholder\">\n\t\t\t\t<p><label>Tipo de negocio<\/label>\n\t\t\t\t<\/p>\n\t\t\t<\/div>\n\t\t\t<p><span class=\"wpcf7-form-control-wrap\" data-name=\"business-type\"><select class=\"wpcf7-form-control wpcf7-select field-default\" aria-invalid=\"false\" name=\"business-type\"><option value=\"\"><\/option><option value=\"Consumer\">Consumer<\/option><option value=\"Warehouse Distributor\">Warehouse Distributor<\/option><option value=\"Jobber Store\">Jobber Store<\/option><option value=\"Machine Shop\/Engine Builder\">Machine Shop\/Engine Builder<\/option><option value=\"Racer\">Racer<\/option><option value=\"Other\">Other<\/option><\/select><\/span>\n\t\t\t<\/p>\n\t\t<\/div>\n\t\t<div class=\"field-wrap\">\n\t\t\t<div class=\"placeholder\">\n\t\t\t\t<p><label>Nombre de la empresa<\/label>\n\t\t\t\t<\/p>\n\t\t\t<\/div>\n\t\t\t<p><span class=\"wpcf7-form-control-wrap\" data-name=\"company\"><input size=\"40\" maxlength=\"400\" class=\"wpcf7-form-control wpcf7-text field-default\" aria-invalid=\"false\" value=\"\" type=\"text\" name=\"company\" \/><\/span>\n\t\t\t<\/p>\n\t\t<\/div>\n\t\t<div class=\"field-wrap\">\n\t\t\t<div class=\"placeholder\">\n\t\t\t\t<p><label>Direcci\u00f3n<\/label>\n\t\t\t\t<\/p>\n\t\t\t<\/div>\n\t\t\t<p><span class=\"wpcf7-form-control-wrap\" data-name=\"address\"><input size=\"40\" maxlength=\"400\" class=\"wpcf7-form-control wpcf7-text field-default\" aria-invalid=\"false\" value=\"\" type=\"text\" name=\"address\" \/><\/span>\n\t\t\t<\/p>\n\t\t<\/div>\n\t\t<div class=\"field-wrap\">\n\t\t\t<div class=\"placeholder\">\n\t\t\t\t<p><label>Ciudad<\/label>\n\t\t\t\t<\/p>\n\t\t\t<\/div>\n\t\t\t<p><span class=\"wpcf7-form-control-wrap\" data-name=\"city\"><input size=\"40\" maxlength=\"400\" class=\"wpcf7-form-control wpcf7-text field-default\" aria-invalid=\"false\" value=\"\" type=\"text\" name=\"city\" \/><\/span>\n\t\t\t<\/p>\n\t\t<\/div>\n\t\t<div class=\"field-wrap\">\n\t\t\t<div class=\"placeholder\">\n\t\t\t\t<p><label>Estado\/Provincia<\/label>\n\t\t\t\t<\/p>\n\t\t\t<\/div>\n\t\t\t<p><span class=\"wpcf7-form-control-wrap\" data-name=\"state\"><input size=\"40\" maxlength=\"400\" class=\"wpcf7-form-control wpcf7-text field-default\" aria-invalid=\"false\" value=\"\" type=\"text\" name=\"state\" \/><\/span>\n\t\t\t<\/p>\n\t\t<\/div>\n\t\t<div class=\"field-wrap\">\n\t\t\t<div class=\"placeholder\">\n\t\t\t\t<p><label>C\u00f3digo postal<\/label>\n\t\t\t\t<\/p>\n\t\t\t<\/div>\n\t\t\t<p><span class=\"wpcf7-form-control-wrap\" data-name=\"zip\"><input size=\"40\" maxlength=\"400\" class=\"wpcf7-form-control wpcf7-text field-default\" aria-invalid=\"false\" value=\"\" type=\"text\" name=\"zip\" \/><\/span>\n\t\t\t<\/p>\n\t\t<\/div>\n\t\t<div class=\"field-wrap\">\n\t\t\t<div class=\"placeholder\">\n\t\t\t\t<p><label>Pa\u00eds<\/label>\n\t\t\t\t<\/p>\n\t\t\t<\/div>\n\t\t\t<p><span class=\"wpcf7-form-control-wrap\" data-name=\"country\"><input size=\"40\" maxlength=\"400\" class=\"wpcf7-form-control wpcf7-text field-default\" aria-invalid=\"false\" value=\"\" type=\"text\" name=\"country\" \/><\/span>\n\t\t\t<\/p>\n\t\t<\/div>\n\t\t<div class=\"accept-left pull-left\">\n\t\t\t<p><span class=\"wpcf7-form-control-wrap\" data-name=\"acceptance-456\"><span class=\"wpcf7-form-control wpcf7-acceptance\"><span class=\"wpcf7-list-item\"><label><input type=\"checkbox\" name=\"acceptance-456\" value=\"1\" class=\"acc\" aria-invalid=\"false\" \/><span class=\"wpcf7-list-item-label\"><span><\/span><\/span><\/label><\/span><\/span><\/span>\n\t\t\t<\/p>\n\t\t<\/div>\n\t\t<div class=\"accept-right pull-left\">\n\t\t\t<p>Conceder permiso a Cloyes para ponerse en contacto con usted y almacenar de forma segura su informaci\u00f3n de contacto en este sitio. Ver la <a href=\"\/privacy-policy\">pol\u00edtica de privacidad<\/a>.\n\t\t\t<\/p>\n\t\t<\/div>\n\t\t<div class=\"clearfix\">\n\t\t<\/div>\n\t\t<p><input class=\"wpcf7-form-control wpcf7-submit has-spinner\" id=\"thesubmit\" type=\"submit\" value=\"SUBMIT\" \/>\n\t\t<\/p>\n\t<\/div>\n<\/div><input type='hidden' class='wpcf7-pum' value='{\"closepopup\":false,\"closedelay\":0,\"openpopup\":false,\"openpopup_id\":0}' \/><div class=\"wpcf7-response-output\" aria-hidden=\"true\"><\/div>\n<\/form>\n<\/div>\n\n","protected":false},"excerpt":{"rendered":"<p>Contacte con \u00bfPreguntas? horas De lunes a viernes 8:00AM &#8211; 4:30PM CT tel\u00e9fono Soporte t\u00e9cnico 479-646-1662 ext. 228 Servicio de atenci\u00f3n al cliente 479-646-1662 ext. 297 DIRECCI\u00d3N POSTAL&#8230;<\/p>\n","protected":false},"author":3,"featured_media":0,"parent":0,"menu_order":0,"comment_status":"closed","ping_status":"closed","template":"page-beaver.php","meta":{"footnotes":""},"class_list":["post-7155","page","type-page","status-publish","hentry"],"aioseo_notices":[],"_links":{"self":[{"href":"https:\/\/cloyes.com\/es-mx\/wp-json\/wp\/v2\/pages\/7155","targetHints":{"allow":["GET"]}}],"collection":[{"href":"https:\/\/cloyes.com\/es-mx\/wp-json\/wp\/v2\/pages"}],"about":[{"href":"https:\/\/cloyes.com\/es-mx\/wp-json\/wp\/v2\/types\/page"}],"author":[{"embeddable":true,"href":"https:\/\/cloyes.com\/es-mx\/wp-json\/wp\/v2\/users\/3"}],"replies":[{"embeddable":true,"href":"https:\/\/cloyes.com\/es-mx\/wp-json\/wp\/v2\/comments?post=7155"}],"version-history":[{"count":4,"href":"https:\/\/cloyes.com\/es-mx\/wp-json\/wp\/v2\/pages\/7155\/revisions"}],"predecessor-version":[{"id":7966,"href":"https:\/\/cloyes.com\/es-mx\/wp-json\/wp\/v2\/pages\/7155\/revisions\/7966"}],"wp:attachment":[{"href":"https:\/\/cloyes.com\/es-mx\/wp-json\/wp\/v2\/media?parent=7155"}],"curies":[{"name":"wp","href":"https:\/\/api.w.org\/{rel}","templated":true}]}}