{"id":7161,"date":"2019-06-18T06:11:03","date_gmt":"2019-06-18T06:11:03","guid":{"rendered":"https:\/\/cloyes.com\/cadenas-de-distribucion\/"},"modified":"2022-10-20T13:36:40","modified_gmt":"2022-10-20T13:36:40","slug":"cadenas-de-distribucion","status":"publish","type":"page","link":"https:\/\/cloyes.com\/es-mx\/sustitucion-de-existencias\/cadenas-de-distribucion\/","title":{"rendered":"Cadenas de distribuci\u00f3n"},"content":{"rendered":"\n<h2>\n\t\tSustituci\u00f3n de existencias\n\t<\/h2>\n\t\t\t\t<img loading=\"lazy\" decoding=\"async\" src=\"https:\/\/cloyes.com\/wp-content\/uploads\/2019\/06\/Timing-Chains.jpg\" alt=\"Cloyes Timing Chains, which are available in kits or as a stand-alone product, are pre-stressed and heat-treated for increased durability\" itemprop=\"image\" height=\"71\" width=\"500\" title=\"Timing-Chains\" onerror=\"this.style.display='none'\"  \/>\n<h3>\n\t\tCadenas de distribuci\u00f3n\n\t<\/h3>\n\t<p><strong>Las cadenas de distribuci\u00f3n Cloyes, que est\u00e1n disponibles en kits o como producto independiente, est\u00e1n pretensadas y tratadas t\u00e9rmicamente para aumentar su durabilidad.<\/strong><\/p>\n<ul>\n<li>Una cadena de distribuci\u00f3n sincroniza la rotaci\u00f3n del cig\u00fce\u00f1al y del \u00e1rbol de levas, asegurando la sincronizaci\u00f3n adecuada de los eventos de las v\u00e1lvulas del motor para cada cilindro<\/li>\n<li>Nuestras cadenas est\u00e1n dise\u00f1adas y fabricadas con un control preciso del paso para un ajuste adecuado de la cadena al diente de la rueda dentada<\/li>\n<li>Desde el recambio original hasta el alto rendimiento, Cloyes tiene el cat\u00e1logo m\u00e1s completo de cadenas de distribuci\u00f3n<\/li>\n<li>Las piezas Cloyes est\u00e1n dise\u00f1adas con CAD y fabricadas con materiales de primera calidad. Cada pieza se somete a pruebas exhaustivas y se mide su funcionamiento, ajuste y durabilidad para garantizar un rendimiento \u00f3ptimo<\/li>\n<li>Cloyes recomienda sustituir tambi\u00e9n los tensores de la cadena, los pi\u00f1ones y las gu\u00edas cuando se sustituya la cadena, ya que estos componentes desempe\u00f1an un papel fundamental en la estabilidad del sistema y en la precisi\u00f3n de la sincronizaci\u00f3n.<\/li>\n<li>Consulte nuestro cat\u00e1logo en l\u00ednea para obtener informaci\u00f3n detallada sobre aplicaciones espec\u00edficas<\/li>\n<li>Mantenga el tren de v\u00e1lvulas de su motor en perfecto estado con Cloyes, l\u00edder mundial en sistemas de accionamiento de la distribuci\u00f3n<\/li>\n<\/ul>\n\n","protected":false},"excerpt":{"rendered":"<p>Sustituci\u00f3n de existencias Cadenas de distribuci\u00f3n Las cadenas de distribuci\u00f3n Cloyes, que est\u00e1n disponibles en kits o como producto independiente, est\u00e1n pretensadas y tratadas t\u00e9rmicamente para aumentar su&#8230;<\/p>\n","protected":false},"author":3,"featured_media":0,"parent":7190,"menu_order":0,"comment_status":"closed","ping_status":"closed","template":"page-product.php","meta":{"footnotes":""},"class_list":["post-7161","page","type-page","status-publish","hentry"],"aioseo_notices":[],"_links":{"self":[{"href":"https:\/\/cloyes.com\/es-mx\/wp-json\/wp\/v2\/pages\/7161","targetHints":{"allow":["GET"]}}],"collection":[{"href":"https:\/\/cloyes.com\/es-mx\/wp-json\/wp\/v2\/pages"}],"about":[{"href":"https:\/\/cloyes.com\/es-mx\/wp-json\/wp\/v2\/types\/page"}],"author":[{"embeddable":true,"href":"https:\/\/cloyes.com\/es-mx\/wp-json\/wp\/v2\/users\/3"}],"replies":[{"embeddable":true,"href":"https:\/\/cloyes.com\/es-mx\/wp-json\/wp\/v2\/comments?post=7161"}],"version-history":[{"count":3,"href":"https:\/\/cloyes.com\/es-mx\/wp-json\/wp\/v2\/pages\/7161\/revisions"}],"predecessor-version":[{"id":8087,"href":"https:\/\/cloyes.com\/es-mx\/wp-json\/wp\/v2\/pages\/7161\/revisions\/8087"}],"up":[{"embeddable":true,"href":"https:\/\/cloyes.com\/es-mx\/wp-json\/wp\/v2\/pages\/7190"}],"wp:attachment":[{"href":"https:\/\/cloyes.com\/es-mx\/wp-json\/wp\/v2\/media?parent=7161"}],"curies":[{"name":"wp","href":"https:\/\/api.w.org\/{rel}","templated":true}]}}