{"id":7167,"date":"2019-06-18T11:43:33","date_gmt":"2019-06-18T11:43:33","guid":{"rendered":"https:\/\/cloyes.com\/alto-rendimiento\/quick-button-tapa-de-distribucion-de-dos-piezas\/"},"modified":"2022-10-20T13:45:01","modified_gmt":"2022-10-20T13:45:01","slug":"quick-button-tapa-de-distribucion-de-dos-piezas","status":"publish","type":"page","link":"https:\/\/cloyes.com\/es-mx\/alto-rendimiento\/quick-button-tapa-de-distribucion-de-dos-piezas\/","title":{"rendered":"QUICK BUTTON\u2122 TAPA DE DISTRIBUCI\u00d3N DE DOS PIEZAS"},"content":{"rendered":"\n<h2>\n\t\tAlto rendimiento\n\t<\/h2>\n\t\t\t\t<img loading=\"lazy\" decoding=\"async\" src=\"https:\/\/cloyes.com\/wp-content\/uploads\/2019\/06\/Quick-Button-Two-Piece-Timing-Cover-1.png\" alt=\"Quick Button Two-Piece Timing Cover provides easy access to cam timing adjustment, saving hours of set-up time on the dyno or at the track\" itemprop=\"image\" height=\"373\" width=\"500\" title=\"Quick-Button-Two-Piece-Timing-Cover\" onerror=\"this.style.display='none'\"  \/>\n<h3>\n\t\tQUICK BUTTON\u2122 TAPA DE DISTRIBUCI\u00d3N DE DOS PIEZAS\n\t<\/h3>\n\t<p><strong>El complemento perfecto para nuestro juego de distribuci\u00f3n de rodillos Hex-A-Just\u00ae True\u00ae es nuestra cubierta de distribuci\u00f3n de dos piezas de bot\u00f3n r\u00e1pido. La cubierta de sincronizaci\u00f3n de dos piezas de bot\u00f3n r\u00e1pido proporciona un f\u00e1cil acceso al ajuste de la sincronizaci\u00f3n de la leva, ahorrando horas de tiempo de configuraci\u00f3n en el banco de potencia o en la pista.<\/strong><\/p>\n<ul>\n<li>El bot\u00f3n de leva incorporado permite ajustar la holgura de la leva con la tapa colocada<\/li>\n<li>Fabricado en aluminio fundido a presi\u00f3n<\/li>\n<li>Junta t\u00f3rica y tornillos de la tapa de distribuci\u00f3n incluidos<\/li>\n<li>Acepta la junta de la tapa de distribuci\u00f3n y la junta del cig\u00fce\u00f1al de estilo OEM<\/li>\n<li>Nota: no est\u00e1 dise\u00f1ado para funcionar con los juegos de distribuci\u00f3n de ajuste r\u00e1pido Cloyes<\/li>\n<\/ul>\n\n","protected":false},"excerpt":{"rendered":"<p>Alto rendimiento QUICK BUTTON\u2122 TAPA DE DISTRIBUCI\u00d3N DE DOS PIEZAS El complemento perfecto para nuestro juego de distribuci\u00f3n de rodillos Hex-A-Just\u00ae True\u00ae es nuestra cubierta de distribuci\u00f3n de&#8230;<\/p>\n","protected":false},"author":3,"featured_media":0,"parent":7163,"menu_order":0,"comment_status":"closed","ping_status":"closed","template":"page-product.php","meta":{"footnotes":""},"class_list":["post-7167","page","type-page","status-publish","hentry"],"aioseo_notices":[],"_links":{"self":[{"href":"https:\/\/cloyes.com\/es-mx\/wp-json\/wp\/v2\/pages\/7167","targetHints":{"allow":["GET"]}}],"collection":[{"href":"https:\/\/cloyes.com\/es-mx\/wp-json\/wp\/v2\/pages"}],"about":[{"href":"https:\/\/cloyes.com\/es-mx\/wp-json\/wp\/v2\/types\/page"}],"author":[{"embeddable":true,"href":"https:\/\/cloyes.com\/es-mx\/wp-json\/wp\/v2\/users\/3"}],"replies":[{"embeddable":true,"href":"https:\/\/cloyes.com\/es-mx\/wp-json\/wp\/v2\/comments?post=7167"}],"version-history":[{"count":2,"href":"https:\/\/cloyes.com\/es-mx\/wp-json\/wp\/v2\/pages\/7167\/revisions"}],"predecessor-version":[{"id":8093,"href":"https:\/\/cloyes.com\/es-mx\/wp-json\/wp\/v2\/pages\/7167\/revisions\/8093"}],"up":[{"embeddable":true,"href":"https:\/\/cloyes.com\/es-mx\/wp-json\/wp\/v2\/pages\/7163"}],"wp:attachment":[{"href":"https:\/\/cloyes.com\/es-mx\/wp-json\/wp\/v2\/media?parent=7167"}],"curies":[{"name":"wp","href":"https:\/\/api.w.org\/{rel}","templated":true}]}}