{"id":7168,"date":"2019-06-18T09:57:46","date_gmt":"2019-06-18T09:57:46","guid":{"rendered":"https:\/\/cloyes.com\/kits-de-correas-de-distribucion\/"},"modified":"2025-10-24T20:36:47","modified_gmt":"2025-10-24T20:36:47","slug":"kits-de-correas-de-distribucion","status":"publish","type":"page","link":"https:\/\/cloyes.com\/es-mx\/distribucion\/kits-de-correas-de-distribucion\/","title":{"rendered":"Kits de correa de distribuci\u00f3n"},"content":{"rendered":"\n<h2>\n\t\t\tDistribuci\u00f3n\t<\/h2>\n\n<h1>\n\t\t\tKits de correa de distribuci\u00f3n\t<\/h1>\n\t<p>Dise\u00f1ados para el reemplazo de alto kilometraje, los kits de correa de distribuci\u00f3n Cloyes incluyen correas, tensores y rodillos gu\u00eda de alta calidad para un funcionamiento adecuado del sistema de distribuci\u00f3n y una durabilidad a largo plazo.<\/p>\n\t<h4><strong>Tipos de kits:<\/strong><\/h4>\n<p><strong>Kit de correa de distribuci\u00f3n:<\/strong> Kit de correa de calidad OE con tensores y rodillos gu\u00eda combinados para una distribuci\u00f3n precisa y duradera accionada por correa.<\/p>\n\t<h4><strong>Por qu\u00e9 es importante:<\/strong><\/h4>\n<ul>\n<li>Rendimiento de la correa de nivel OE<\/li>\n<li>Incluye componentes combinados para una distribuci\u00f3n y tensi\u00f3n fiables<\/li>\n<\/ul>\n\t<h4><strong>Precisi\u00f3n con la que puede contar.<\/strong><\/h4>\n<p>Desde 1921, Cloyes ha sido el nombre de confianza en la distribuci\u00f3n. Con m\u00e1s de un siglo de excelencia en ingenier\u00eda, nuestros sistemas y componentes de cadena de distribuci\u00f3n est\u00e1n construidos para restaurar el rendimiento preciso del motor y prolongar la vida \u00fatil del veh\u00edculo. Ya sea que est\u00e9 realizando una revisi\u00f3n completa o una reparaci\u00f3n a nivel de componente, Cloyes proporciona calidad de nivel OE, durabilidad comprobada y confianza en la instalaci\u00f3n.  <\/p>\n\t\t\t<a href=\"https:\/\/cloyes.com\/es-mx\/busqueda-de-componentes\/?product-line=stock-replacement\" target=\"_self\">\n\t\t\t\t\t\t\tbuscar mi pieza\n\t\t\t\t\t<\/a>\n\n","protected":false},"excerpt":{"rendered":"<p>Distribuci\u00f3n Kits de correa de distribuci\u00f3n Dise\u00f1ados para el reemplazo de alto kilometraje, los kits de correa de distribuci\u00f3n Cloyes incluyen correas, tensores y rodillos gu\u00eda de alta&#8230;<\/p>\n","protected":false},"author":3,"featured_media":0,"parent":10734,"menu_order":0,"comment_status":"closed","ping_status":"closed","template":"page-product.php","meta":{"footnotes":""},"class_list":["post-7168","page","type-page","status-publish","hentry"],"aioseo_notices":[],"_links":{"self":[{"href":"https:\/\/cloyes.com\/es-mx\/wp-json\/wp\/v2\/pages\/7168","targetHints":{"allow":["GET"]}}],"collection":[{"href":"https:\/\/cloyes.com\/es-mx\/wp-json\/wp\/v2\/pages"}],"about":[{"href":"https:\/\/cloyes.com\/es-mx\/wp-json\/wp\/v2\/types\/page"}],"author":[{"embeddable":true,"href":"https:\/\/cloyes.com\/es-mx\/wp-json\/wp\/v2\/users\/3"}],"replies":[{"embeddable":true,"href":"https:\/\/cloyes.com\/es-mx\/wp-json\/wp\/v2\/comments?post=7168"}],"version-history":[{"count":7,"href":"https:\/\/cloyes.com\/es-mx\/wp-json\/wp\/v2\/pages\/7168\/revisions"}],"predecessor-version":[{"id":10777,"href":"https:\/\/cloyes.com\/es-mx\/wp-json\/wp\/v2\/pages\/7168\/revisions\/10777"}],"up":[{"embeddable":true,"href":"https:\/\/cloyes.com\/es-mx\/wp-json\/wp\/v2\/pages\/10734"}],"wp:attachment":[{"href":"https:\/\/cloyes.com\/es-mx\/wp-json\/wp\/v2\/media?parent=7168"}],"curies":[{"name":"wp","href":"https:\/\/api.w.org\/{rel}","templated":true}]}}