{"id":7169,"date":"2019-06-18T12:41:07","date_gmt":"2019-06-18T12:41:07","guid":{"rendered":"https:\/\/cloyes.com\/alto-rendimiento\/juegos-de-distribucion-street-true-de-rodillos\/"},"modified":"2022-10-20T13:50:33","modified_gmt":"2022-10-20T13:50:33","slug":"juegos-de-distribucion-street-true-de-rodillos","status":"publish","type":"page","link":"https:\/\/cloyes.com\/es-mx\/alto-rendimiento\/juegos-de-distribucion-street-true-de-rodillos\/","title":{"rendered":"JUEGOS DE DISTRIBUCI\u00d3N STREET TRUE\u00ae DE RODILLOS"},"content":{"rendered":"\n<h2>\n\t\tAlto rendimiento\n\t<\/h2>\n\t\t\t\t<img loading=\"lazy\" decoding=\"async\" src=\"https:\/\/cloyes.com\/wp-content\/uploads\/2019\/06\/Street-True-Roller-Timing-Set.png\" alt=\"Street True Roller Timing Sets feature cast iron cam sprockets, 3-keyway induction-hardened billet steel crank sprockets, and .250-inch True Roller Chains\" itemprop=\"image\" height=\"400\" width=\"272\" title=\"Street-True-Roller-Timing-Set\" onerror=\"this.style.display='none'\"  \/>\n<h3>\n\t\tJUEGOS DE DISTRIBUCI\u00d3N STREET TRUE\u00ae DE RODILLOS\n\t<\/h3>\n\t<ul>\n<li>Los juegos de distribuci\u00f3n True Roller de calle cuentan con pi\u00f1ones de leva de hierro fundido, pi\u00f1ones de cig\u00fce\u00f1al de acero billet endurecido por inducci\u00f3n y cadenas True Roller de 0,250 pulgadas<\/li>\n<li>Estas caracter\u00edsticas, combinadas con nuestra precisi\u00f3n en el mecanizado CNC, ofrecen una calidad inigualable<\/li>\n<\/ul>\n\n","protected":false},"excerpt":{"rendered":"<p>Alto rendimiento JUEGOS DE DISTRIBUCI\u00d3N STREET TRUE\u00ae DE RODILLOS Los juegos de distribuci\u00f3n True Roller de calle cuentan con pi\u00f1ones de leva de hierro fundido, pi\u00f1ones de cig\u00fce\u00f1al&#8230;<\/p>\n","protected":false},"author":3,"featured_media":0,"parent":7163,"menu_order":0,"comment_status":"closed","ping_status":"closed","template":"page-product.php","meta":{"footnotes":""},"class_list":["post-7169","page","type-page","status-publish","hentry"],"aioseo_notices":[],"_links":{"self":[{"href":"https:\/\/cloyes.com\/es-mx\/wp-json\/wp\/v2\/pages\/7169","targetHints":{"allow":["GET"]}}],"collection":[{"href":"https:\/\/cloyes.com\/es-mx\/wp-json\/wp\/v2\/pages"}],"about":[{"href":"https:\/\/cloyes.com\/es-mx\/wp-json\/wp\/v2\/types\/page"}],"author":[{"embeddable":true,"href":"https:\/\/cloyes.com\/es-mx\/wp-json\/wp\/v2\/users\/3"}],"replies":[{"embeddable":true,"href":"https:\/\/cloyes.com\/es-mx\/wp-json\/wp\/v2\/comments?post=7169"}],"version-history":[{"count":2,"href":"https:\/\/cloyes.com\/es-mx\/wp-json\/wp\/v2\/pages\/7169\/revisions"}],"predecessor-version":[{"id":8097,"href":"https:\/\/cloyes.com\/es-mx\/wp-json\/wp\/v2\/pages\/7169\/revisions\/8097"}],"up":[{"embeddable":true,"href":"https:\/\/cloyes.com\/es-mx\/wp-json\/wp\/v2\/pages\/7163"}],"wp:attachment":[{"href":"https:\/\/cloyes.com\/es-mx\/wp-json\/wp\/v2\/media?parent=7169"}],"curies":[{"name":"wp","href":"https:\/\/api.w.org\/{rel}","templated":true}]}}