{"id":7174,"date":"2019-06-18T08:51:30","date_gmt":"2019-06-18T08:51:30","guid":{"rendered":"https:\/\/cloyes.com\/tensores-de-la-cadena-de-distribucion\/"},"modified":"2022-10-20T13:37:42","modified_gmt":"2022-10-20T13:37:42","slug":"tensores-de-la-cadena-de-distribucion","status":"publish","type":"page","link":"https:\/\/cloyes.com\/es-mx\/sustitucion-de-existencias\/tensores-de-la-cadena-de-distribucion\/","title":{"rendered":"Tensores de la cadena de distribuci\u00f3n"},"content":{"rendered":"\n<h2>\n\t\tSustituci\u00f3n de existencias\n\t<\/h2>\n\t\t\t\t<img loading=\"lazy\" decoding=\"async\" src=\"https:\/\/cloyes.com\/wp-content\/uploads\/2019\/06\/timing-chain-tensioner.jpg\" alt=\"A timing chain tensioner maintains appropriate tension in the timing chain system\" itemprop=\"image\" height=\"421\" width=\"500\" title=\"timing-chain-tensioner\" onerror=\"this.style.display='none'\"  \/>\n<h3>\n\t\tTensores de la cadena de distribuci\u00f3n\n\t<\/h3>\n\t<p><strong>Un tensor de la cadena de distribuci\u00f3n mantiene la tensi\u00f3n adecuada en el sistema de la cadena de distribuci\u00f3n. Dependiendo del dise\u00f1o del equipo original, los tensores pueden utilizar la tensi\u00f3n del muelle y\/o la presi\u00f3n hidr\u00e1ulica para tensar correctamente el sistema.<\/strong><\/p>\n<ul>\n<li>Cloyes utiliza lo \u00faltimo en tecnolog\u00eda de dise\u00f1o y materiales, asegurando una experiencia silenciosa y sin mantenimiento. Todos los tensores de cadena de distribuci\u00f3n Cloyes cumplen o superan los requisitos de rendimiento de los fabricantes de equipos originales<\/li>\n<li>Las piezas Cloyes est\u00e1n dise\u00f1adas con CAD y fabricadas con materiales de primera calidad. Cada pieza se somete a pruebas exhaustivas y se mide su funcionamiento, ajuste y durabilidad para garantizar un rendimiento \u00f3ptimo<\/li>\n<li>Cloyes recomienda sustituir tambi\u00e9n los tensores de la cadena, los pi\u00f1ones y las gu\u00edas cuando se sustituya la cadena, ya que estos componentes desempe\u00f1an un papel fundamental en la estabilidad del sistema y en la precisi\u00f3n de la sincronizaci\u00f3n.<\/li>\n<li>Consulte nuestro cat\u00e1logo en l\u00ednea para obtener informaci\u00f3n detallada sobre aplicaciones espec\u00edficas<\/li>\n<li>Mantenga el tren de v\u00e1lvulas de su motor en perfecto estado con Cloyes, l\u00edder mundial en sistemas de accionamiento de la distribuci\u00f3n<\/li>\n<\/ul>\n\n","protected":false},"excerpt":{"rendered":"<p>Sustituci\u00f3n de existencias Tensores de la cadena de distribuci\u00f3n Un tensor de la cadena de distribuci\u00f3n mantiene la tensi\u00f3n adecuada en el sistema de la cadena de distribuci\u00f3n&#8230;.<\/p>\n","protected":false},"author":3,"featured_media":0,"parent":7190,"menu_order":0,"comment_status":"closed","ping_status":"closed","template":"page-product.php","meta":{"footnotes":""},"class_list":["post-7174","page","type-page","status-publish","hentry"],"aioseo_notices":[],"_links":{"self":[{"href":"https:\/\/cloyes.com\/es-mx\/wp-json\/wp\/v2\/pages\/7174","targetHints":{"allow":["GET"]}}],"collection":[{"href":"https:\/\/cloyes.com\/es-mx\/wp-json\/wp\/v2\/pages"}],"about":[{"href":"https:\/\/cloyes.com\/es-mx\/wp-json\/wp\/v2\/types\/page"}],"author":[{"embeddable":true,"href":"https:\/\/cloyes.com\/es-mx\/wp-json\/wp\/v2\/users\/3"}],"replies":[{"embeddable":true,"href":"https:\/\/cloyes.com\/es-mx\/wp-json\/wp\/v2\/comments?post=7174"}],"version-history":[{"count":3,"href":"https:\/\/cloyes.com\/es-mx\/wp-json\/wp\/v2\/pages\/7174\/revisions"}],"predecessor-version":[{"id":8088,"href":"https:\/\/cloyes.com\/es-mx\/wp-json\/wp\/v2\/pages\/7174\/revisions\/8088"}],"up":[{"embeddable":true,"href":"https:\/\/cloyes.com\/es-mx\/wp-json\/wp\/v2\/pages\/7190"}],"wp:attachment":[{"href":"https:\/\/cloyes.com\/es-mx\/wp-json\/wp\/v2\/media?parent=7174"}],"curies":[{"name":"wp","href":"https:\/\/api.w.org\/{rel}","templated":true}]}}