{"id":7185,"date":"2019-06-18T08:54:59","date_gmt":"2019-06-18T08:54:59","guid":{"rendered":"https:\/\/cloyes.com\/kits-de-cadena-de-distribucion\/"},"modified":"2025-10-24T20:38:16","modified_gmt":"2025-10-24T20:38:16","slug":"kits-de-cadena-de-distribucion","status":"publish","type":"page","link":"https:\/\/cloyes.com\/es-mx\/distribucion\/kits-de-cadena-de-distribucion\/","title":{"rendered":"Kits de cadena de distribuci\u00f3n"},"content":{"rendered":"\n<h2>\n\t\t\tDistribuci\u00f3n\t<\/h2>\n\n<h1>\n\t\t\tKits de cadena de distribuci\u00f3n\t<\/h1>\n\t<p>Como l\u00edder mundial en sistemas de transmisi\u00f3n de distribuci\u00f3n, Cloyes ofrece kits completos que est\u00e1n dise\u00f1ados para brindar precisi\u00f3n, durabilidad y un rendimiento \u00f3ptimo del motor. Todos los kits de Cloyes ofrecen una soluci\u00f3n de reparaci\u00f3n completa con todos los componentes necesarios para una f\u00e1cil instalaci\u00f3n. Cada pieza est\u00e1 dise\u00f1ada por CAD y fabricada con materiales de primera calidad, y se prueba su funci\u00f3n, ajuste y durabilidad para garantizar una calidad constante y un rendimiento \u00f3ptimo, lo que reduce el riesgo de devoluciones. Respaldado por una garant\u00eda limitada de por vida y m\u00e1s de 100 a\u00f1os de liderazgo en ingenier\u00eda con un soporte t\u00e9cnico inigualable y confianza en la reparaci\u00f3n en cada componente.   <\/p>\n\t<h4><strong>\u00bfPor qu\u00e9 los kits de cadena de distribuci\u00f3n de Cloyes?<\/strong><\/h4>\n<ul type=\"disc\">\n<li>Acero pre-tensado y tratado t\u00e9rmicamente que proporciona mayor resistencia y resistencia al desgaste, ofreciendo durabilidad a largo plazo incluso en entornos de alta temperatura y alta tensi\u00f3n.<\/li>\n<li>Las cadenas de distribuci\u00f3n est\u00e1n dise\u00f1adas y fabricadas con un control de paso preciso para garantizar un ajuste \u00f3ptimo de la cadena al pi\u00f1\u00f3n, lo que reduce el ruido, minimiza el estiramiento y mantiene una sincronizaci\u00f3n precisa.<\/li>\n<li>Los pi\u00f1ones del cig\u00fce\u00f1al y del \u00e1rbol de levas de la distribuci\u00f3n est\u00e1n fabricados con herramientas de precisi\u00f3n con una geometr\u00eda de dientes exacta y un orificio perfectamente adaptado para un ajuste, una fiabilidad y un rendimiento a largo plazo superiores<\/li>\n<\/ul>\n<h4>\n\t\t\tTipos de kits:\t<\/h4>\n\t<p><b>Kit de cadena de distribuci\u00f3n base sin pi\u00f1\u00f3n(es):<\/b> Este kit de distribuci\u00f3n b\u00e1sico es perfecto para reparaciones de distribuci\u00f3n que no requieren pi\u00f1ones e incluye kit(s) de cadena(s) de distribuci\u00f3n, tensor(es), gu\u00eda(s), m\u00e1s cualquier pieza adicional (p. ej., pernos o juntas) seg\u00fan lo requiera la aplicaci\u00f3n espec\u00edfica sin pi\u00f1ones.<\/p>\n<p><b>Kit de cadena de distribuci\u00f3n base con pi\u00f1\u00f3n(es):<\/b> Este kit de distribuci\u00f3n central incluye kit(s) de cadena de distribuci\u00f3n, tensor(es), gu\u00eda(s), pi\u00f1\u00f3n(es), m\u00e1s cualquier pieza adicional (p. ej., pernos o juntas) seg\u00fan lo requiera la aplicaci\u00f3n espec\u00edfica.<\/p>\n<p><b>Kits de cadena de distribuci\u00f3n con pi\u00f1\u00f3n(es) y bomba de agua:<\/b> Los kits de distribuci\u00f3n de la bomba de agua con pi\u00f1ones son necesarios a medida que aumenta el cambio a transmisiones de distribuci\u00f3n accionadas por cadena EO e incluyen kit(s) de cadena de distribuci\u00f3n, tensor(es), gu\u00eda(s), pi\u00f1\u00f3n(es), bomba de agua, m\u00e1s cualquier pieza adicional (p. ej., pernos o juntas) seg\u00fan lo requiera la aplicaci\u00f3n espec\u00edfica.<\/p>\n\t<p><b>Kit de cadena de distribuci\u00f3n VVT con pi\u00f1\u00f3n(es) y solenoide(s):<\/b> Este galardonado kit de distribuci\u00f3n variable de v\u00e1lvulas incluye pi\u00f1\u00f3n(es) VVT (fasores), solenoide(s) VVT, kit(s) de cadena de distribuci\u00f3n, tensor(es), gu\u00eda(s), m\u00e1s cualquier pieza adicional (p. ej., pernos o juntas) seg\u00fan lo requiera la aplicaci\u00f3n espec\u00edfica.<\/p>\n<p><b>Kit de cadena de distribuci\u00f3n VVT con pi\u00f1\u00f3n(es), solenoide(s) y bomba de agua:<\/b> Innovaci\u00f3n VVT galardonada, este kit incluye todo lo necesario para una reparaci\u00f3n completa de la distribuci\u00f3n con una bomba de agua: pi\u00f1\u00f3n(es) (fasores), solenoide(s), kit(s) de cadena de distribuci\u00f3n, tensor(es), gu\u00eda(s), bomba de agua y cualquier pieza adicional (p. ej., pernos o juntas) seg\u00fan lo requiera la aplicaci\u00f3n espec\u00edfica.<\/p>\n<p><b>Kit de cadena de distribuci\u00f3n VVT con bomba de agua y transmisi\u00f3n de correa de accesorios:<\/b> Este es un kit de distribuci\u00f3n completo para la reparaci\u00f3n completa e incluye pi\u00f1\u00f3n(es) VVT (fasores), solenoide(s) VVT, kit(s) de cadena de distribuci\u00f3n, tensor(es), gu\u00eda(s), bomba de agua, polea(s) de transmisi\u00f3n de accesorios, tensor(es) de transmisi\u00f3n de accesorios y correa(s) de transmisi\u00f3n de accesorios, m\u00e1s cualquier pieza adicional (p. ej., pernos o juntas) seg\u00fan lo requiera la aplicaci\u00f3n espec\u00edfica.<\/p>\n<h3>\n\t\t\tTipos de kits Cloyes con n\u00famero de pieza y piezas incluidas.\t<\/h3>\n\t<table role=\"table\">\n  <thead role=\"rowgroup\">\n    <tr role=\"row\">\n      <th role=\"columnheader\">Tipo de kit Cloyes<\/th>\n      <th role=\"columnheader\">ejemplo No.<\/th>\n      <th role=\"columnheader\">\u00bfQu\u00e9 est\u00e1 incluido?<\/th>\n    <\/tr>\n  <\/thead>\n  <tbody role=\"rowgroup\">\n    <tr role=\"row\">\n      <td role=\"cell\">Kit base<\/td>\n      <td role=\"cell\">9-xxxxS\/SA\/SB, etc.<\/td>\n      <td role=\"cell\">Tensor(es), gu\u00eda(s), cadena(s), pi\u00f1\u00f3n(es)<\/td>\n\t<\/tr>\n\t <tr role=\"row\">\n      <td role=\"cell\">Kit de bomba de agua<\/td>\n      <td role=\"cell\">9-xxxxWP<\/td>\n      <td role=\"cell\">Kit base + bomba de agua<\/td>\n\t<\/tr>\n\t <tr role=\"row\">\n      <td role=\"cell\">Kit VVT<\/td>\n      <td role=\"cell\">9-xxxxVVT<\/td>\n      <td role=\"cell\">Kit base + fasores y solenoides VVT<\/td>\n\t<\/tr>\n\t <tr role=\"row\">\n      <td role=\"cell\">Kit K3<\/td>\n      <td role=\"cell\">9-xxxxk3<\/td>\n      <td role=\"cell\">Kit base + bomba de agua y fasores y solenoides VVT<\/td>\n\t<\/tr>\n\t <tr role=\"row\">\n      <td role=\"cell\">Kit K6<\/td>\n      <td role=\"cell\">9-xxxxk6<\/td>\n      <td role=\"cell\">Todo lo anterior + correa serpentina, tensor(es), polea(s)<\/td>\n\t<\/tr>\n      <\/tbody>\n<\/table>\n\t<h4><strong>Precisi\u00f3n con la que puede contar.<\/strong><\/h4>\n<p>Desde 1921, Cloyes ha sido el nombre de confianza en la distribuci\u00f3n. Con m\u00e1s de un siglo de excelencia en ingenier\u00eda, nuestros sistemas y componentes de cadena de distribuci\u00f3n est\u00e1n construidos para restaurar el rendimiento preciso del motor y prolongar la vida \u00fatil del veh\u00edculo. Ya sea que est\u00e9 realizando una revisi\u00f3n completa o una reparaci\u00f3n a nivel de componente, Cloyes proporciona calidad de nivel OE, durabilidad comprobada y confianza en la instalaci\u00f3n.  <\/p>\n\t\t\t<a href=\"https:\/\/cloyes.com\/es-mx\/busqueda-de-componentes\/?product-line=stock-replacement\" target=\"_self\">\n\t\t\t\t\t\t\tbuscar mi pieza\n\t\t\t\t\t<\/a>\n\n","protected":false},"excerpt":{"rendered":"<p>Distribuci\u00f3n Kits de cadena de distribuci\u00f3n Como l\u00edder mundial en sistemas de transmisi\u00f3n de distribuci\u00f3n, Cloyes ofrece kits completos que est\u00e1n dise\u00f1ados para brindar precisi\u00f3n, durabilidad y un&#8230;<\/p>\n","protected":false},"author":3,"featured_media":0,"parent":10734,"menu_order":0,"comment_status":"closed","ping_status":"closed","template":"page-product.php","meta":{"footnotes":""},"class_list":["post-7185","page","type-page","status-publish","hentry"],"aioseo_notices":[],"_links":{"self":[{"href":"https:\/\/cloyes.com\/es-mx\/wp-json\/wp\/v2\/pages\/7185","targetHints":{"allow":["GET"]}}],"collection":[{"href":"https:\/\/cloyes.com\/es-mx\/wp-json\/wp\/v2\/pages"}],"about":[{"href":"https:\/\/cloyes.com\/es-mx\/wp-json\/wp\/v2\/types\/page"}],"author":[{"embeddable":true,"href":"https:\/\/cloyes.com\/es-mx\/wp-json\/wp\/v2\/users\/3"}],"replies":[{"embeddable":true,"href":"https:\/\/cloyes.com\/es-mx\/wp-json\/wp\/v2\/comments?post=7185"}],"version-history":[{"count":6,"href":"https:\/\/cloyes.com\/es-mx\/wp-json\/wp\/v2\/pages\/7185\/revisions"}],"predecessor-version":[{"id":10778,"href":"https:\/\/cloyes.com\/es-mx\/wp-json\/wp\/v2\/pages\/7185\/revisions\/10778"}],"up":[{"embeddable":true,"href":"https:\/\/cloyes.com\/es-mx\/wp-json\/wp\/v2\/pages\/10734"}],"wp:attachment":[{"href":"https:\/\/cloyes.com\/es-mx\/wp-json\/wp\/v2\/media?parent=7185"}],"curies":[{"name":"wp","href":"https:\/\/api.w.org\/{rel}","templated":true}]}}