{"id":7193,"date":"2019-06-18T11:59:41","date_gmt":"2019-06-18T11:59:41","guid":{"rendered":"https:\/\/cloyes.com\/alto-rendimiento\/juegos-de-distribucion-de-rodillos-true-de-competicion\/"},"modified":"2022-10-26T18:20:13","modified_gmt":"2022-10-26T18:20:13","slug":"juegos-de-distribucion-de-rodillos-true-de-competicion","status":"publish","type":"page","link":"https:\/\/cloyes.com\/es-mx\/alto-rendimiento\/juegos-de-distribucion-de-rodillos-true-de-competicion\/","title":{"rendered":"JUEGOS DE DISTRIBUCI\u00d3N DE RODILLOS TRUE\u00ae DE COMPETICI\u00d3N"},"content":{"rendered":"\n<h2>\n\t\tAlto rendimiento\n\t<\/h2>\n\t\t\t\t<img loading=\"lazy\" decoding=\"async\" src=\"https:\/\/cloyes.com\/wp-content\/uploads\/2019\/06\/Race-Billet-True-Roller-Timing-Set.png\" alt=\"Cloyes Race Billet True Roller Timing sets provide race-ready performance\" itemprop=\"image\" height=\"351\" width=\"350\" title=\"Race-Billet-True-Roller-Timing-Set\" onerror=\"this.style.display='none'\"  \/>\n<h3>\n\t\tJUEGOS DE DISTRIBUCI\u00d3N DE RODILLOS TRUE\u00ae DE COMPETICI\u00d3N\n\t<\/h3>\n\t<p><strong>Los juegos de distribuci\u00f3n Cloyes Race Billet True Roller Timing proporcionan un rendimiento listo para la carrera.<\/strong><\/p>\n<ul>\n<li>Estos juegos cuentan con pi\u00f1ones mecanizados en acero billet de primera calidad en equipos CNC de \u00faltima generaci\u00f3n para garantizar la m\u00e1xima calidad y consistencia<\/li>\n<li>Los pi\u00f1ones se endurecen por inducci\u00f3n y se templan en aceite mediante nuestro proceso interno de tratamiento t\u00e9rmico en varias fases<\/li>\n<li>Junta t\u00f3rica y tornillos de la tapa de distribuci\u00f3n incluidos<\/li>\n<li>Acepta la junta de la tapa de distribuci\u00f3n y la junta del cig\u00fce\u00f1al de estilo OEM<\/li>\n<li>Los juegos incluyen una cadena Cloyes Premium True Roller, que cuenta con una acci\u00f3n de rodillos completa y una resistencia superior<\/li>\n<li>Las placas laterales est\u00e1n cortadas y afiladas en acero de alta resistencia y est\u00e1n tratadas t\u00e9rmicamente para una m\u00e1xima resistencia a la fatiga<\/li>\n<li>Los rodillos de 0,250 pulgadas est\u00e1n laminados en fr\u00edo y endurecidos seg\u00fan los est\u00e1ndares m\u00e1s exigentes, lo que aumenta la capacidad de carga y las rpm<\/li>\n<li>Los conjuntos de velocidad de rodillos verdaderos de Cloyes Race se ofrecen con una opci\u00f3n de pi\u00f1ones de manivela de 3 o 9 v\u00edas, proporcionando m\u00faltiples ajustes de sincronizaci\u00f3n de v\u00e1lvulas<\/li>\n<li>Los conjuntos se ajustan a mano para calificar la distancia entre centros y la excentricidad, lo que garantiza el mejor rendimiento con cada conjunto<\/li>\n<li>Algunas aplicaciones disponibles con Z-Chain<\/li>\n<\/ul>\n\n","protected":false},"excerpt":{"rendered":"<p>Alto rendimiento JUEGOS DE DISTRIBUCI\u00d3N DE RODILLOS TRUE\u00ae DE COMPETICI\u00d3N Los juegos de distribuci\u00f3n Cloyes Race Billet True Roller Timing proporcionan un rendimiento listo para la carrera. Estos&#8230;<\/p>\n","protected":false},"author":3,"featured_media":0,"parent":7163,"menu_order":0,"comment_status":"closed","ping_status":"closed","template":"page-product.php","meta":{"footnotes":""},"class_list":["post-7193","page","type-page","status-publish","hentry"],"aioseo_notices":[],"_links":{"self":[{"href":"https:\/\/cloyes.com\/es-mx\/wp-json\/wp\/v2\/pages\/7193","targetHints":{"allow":["GET"]}}],"collection":[{"href":"https:\/\/cloyes.com\/es-mx\/wp-json\/wp\/v2\/pages"}],"about":[{"href":"https:\/\/cloyes.com\/es-mx\/wp-json\/wp\/v2\/types\/page"}],"author":[{"embeddable":true,"href":"https:\/\/cloyes.com\/es-mx\/wp-json\/wp\/v2\/users\/3"}],"replies":[{"embeddable":true,"href":"https:\/\/cloyes.com\/es-mx\/wp-json\/wp\/v2\/comments?post=7193"}],"version-history":[{"count":5,"href":"https:\/\/cloyes.com\/es-mx\/wp-json\/wp\/v2\/pages\/7193\/revisions"}],"predecessor-version":[{"id":8196,"href":"https:\/\/cloyes.com\/es-mx\/wp-json\/wp\/v2\/pages\/7193\/revisions\/8196"}],"up":[{"embeddable":true,"href":"https:\/\/cloyes.com\/es-mx\/wp-json\/wp\/v2\/pages\/7163"}],"wp:attachment":[{"href":"https:\/\/cloyes.com\/es-mx\/wp-json\/wp\/v2\/media?parent=7193"}],"curies":[{"name":"wp","href":"https:\/\/api.w.org\/{rel}","templated":true}]}}