{"id":7194,"date":"2019-06-18T14:14:23","date_gmt":"2019-06-18T14:14:23","guid":{"rendered":"https:\/\/cloyes.com\/sustitucion-de-existencias\/kits-de-cadena-de-distribucion-variable\/"},"modified":"2025-10-24T18:00:24","modified_gmt":"2025-10-24T18:00:24","slug":"kits-de-cadena-de-distribucion-variable","status":"publish","type":"page","link":"https:\/\/cloyes.com\/es-mx\/distribucion\/kits-de-cadena-de-distribucion-variable\/","title":{"rendered":"Componentes de la cadena de distribuci\u00f3n variable de v\u00e1lvulas"},"content":{"rendered":"\n<h2>\n\t\tSustituci\u00f3n de existencias\n\t<\/h2>\n\t\t\t\t<img loading=\"lazy\" decoding=\"async\" src=\"https:\/\/cloyes.com\/wp-content\/uploads\/2019\/06\/Variable-Valve-Timing-Chain-Kits.jpg\" alt=\"VVT Chain Kits include new camshaft phaser torque-to-yield (TTY) attachment bolts to ensure proper installation and phaser function\" itemprop=\"image\" height=\"414\" width=\"500\" title=\"Variable-Valve-Timing-Chain-Kits\" onerror=\"this.style.display='none'\"  \/>\n<h3>\n\t\tKits de cadena de distribuci\u00f3n variable\n\t<\/h3>\n\t<ul>\n<li>La nueva l\u00ednea de productos de Cloyes, los kits de cadena de distribuci\u00f3n de v\u00e1lvulas variables (VVT), ofrecen a los t\u00e9cnicos una soluci\u00f3n completa de reparaci\u00f3n para los veh\u00edculos con mayor kilometraje<\/li>\n<li>Dise\u00f1ado para la sustituci\u00f3n de cadenas de distribuci\u00f3n, tensores, pi\u00f1ones, gu\u00edas y actuadores VVT desgastados o da\u00f1ados, tambi\u00e9n conocidos como fasers de leva<\/li>\n<li>Las piezas Cloyes est\u00e1n dise\u00f1adas con CAD y fabricadas con materiales de primera calidad. Cada pieza se somete a pruebas exhaustivas y se mide su funcionamiento, ajuste y durabilidad para garantizar un rendimiento \u00f3ptimo<\/li>\n<li>Los componentes del VVT se prueban al 100% durante la producci\u00f3n. Los par\u00e1metros de prueba incluyen el \u00e1ngulo ajustable, la fuga, la funcionalidad del pasador de bloqueo, la fricci\u00f3n, el flujo m\u00e1ximo de aceite y el ciclo de trabajo de mantenimiento<\/li>\n<li>Los kits de cadena VVT incluyen nuevos pernos de fijaci\u00f3n del faser del \u00e1rbol de levas para garantizar una instalaci\u00f3n y un funcionamiento correctos del faser<\/li>\n<li>Consulte nuestro cat\u00e1logo en l\u00ednea para obtener informaci\u00f3n detallada sobre aplicaciones espec\u00edficas<\/li>\n<li>Mantenga el tren de v\u00e1lvulas de su motor en perfecto estado con Cloyes, l\u00edder mundial en sistemas de accionamiento de la distribuci\u00f3n<\/li>\n<\/ul>\n\n","protected":false},"excerpt":{"rendered":"<p>Sustituci\u00f3n de existencias Kits de cadena de distribuci\u00f3n variable La nueva l\u00ednea de productos de Cloyes, los kits de cadena de distribuci\u00f3n de v\u00e1lvulas variables (VVT), ofrecen a&#8230;<\/p>\n","protected":false},"author":3,"featured_media":0,"parent":10734,"menu_order":0,"comment_status":"closed","ping_status":"closed","template":"page-product.php","meta":{"footnotes":""},"class_list":["post-7194","page","type-page","status-publish","hentry"],"aioseo_notices":[],"_links":{"self":[{"href":"https:\/\/cloyes.com\/es-mx\/wp-json\/wp\/v2\/pages\/7194","targetHints":{"allow":["GET"]}}],"collection":[{"href":"https:\/\/cloyes.com\/es-mx\/wp-json\/wp\/v2\/pages"}],"about":[{"href":"https:\/\/cloyes.com\/es-mx\/wp-json\/wp\/v2\/types\/page"}],"author":[{"embeddable":true,"href":"https:\/\/cloyes.com\/es-mx\/wp-json\/wp\/v2\/users\/3"}],"replies":[{"embeddable":true,"href":"https:\/\/cloyes.com\/es-mx\/wp-json\/wp\/v2\/comments?post=7194"}],"version-history":[{"count":3,"href":"https:\/\/cloyes.com\/es-mx\/wp-json\/wp\/v2\/pages\/7194\/revisions"}],"predecessor-version":[{"id":10753,"href":"https:\/\/cloyes.com\/es-mx\/wp-json\/wp\/v2\/pages\/7194\/revisions\/10753"}],"up":[{"embeddable":true,"href":"https:\/\/cloyes.com\/es-mx\/wp-json\/wp\/v2\/pages\/10734"}],"wp:attachment":[{"href":"https:\/\/cloyes.com\/es-mx\/wp-json\/wp\/v2\/media?parent=7194"}],"curies":[{"name":"wp","href":"https:\/\/api.w.org\/{rel}","templated":true}]}}