{"id":7196,"date":"2019-06-18T09:00:39","date_gmt":"2019-06-18T09:00:39","guid":{"rendered":"https:\/\/cloyes.com\/sustitucion-de-existencias\/pinones-de-la-cadena-de-distribucion\/"},"modified":"2022-10-20T13:38:45","modified_gmt":"2022-10-20T13:38:45","slug":"pinones-de-la-cadena-de-distribucion","status":"publish","type":"page","link":"https:\/\/cloyes.com\/es-mx\/sustitucion-de-existencias\/pinones-de-la-cadena-de-distribucion\/","title":{"rendered":"Engranajes de la cadena de distribuci\u00f3n"},"content":{"rendered":"\n<h2>\n\t\tSustituci\u00f3n de componentes\n\t<\/h2>\n\t\t\t\t<img loading=\"lazy\" decoding=\"async\" src=\"https:\/\/cloyes.com\/wp-content\/uploads\/2019\/06\/Timing-Sprocket.jpg\" alt=\"Cloyes timing gears and sprockets are available as part of complete timing kits as well as for individual purchase and installation\" itemprop=\"image\" height=\"479\" width=\"500\" title=\"Timing-Sprocket\" onerror=\"this.style.display='none'\"  \/>\n<h3>\n\t\tEngranajes de la cadena de distribuci\u00f3n\n\t<\/h3>\n\t<p><strong>Junto con la cadena de distribuci\u00f3n, los tensores y las gu\u00edas, los engranajes son un componente integral dentro del sistema de distribuci\u00f3n. Los engranajes y engranajes de distribuci\u00f3n Cloyes est\u00e1n disponibles como parte de kits completos de distribuci\u00f3n, as\u00ed como para su compra e instalaci\u00f3n individual.<\/strong><\/p>\n<ul>\n<li>Con una forma de diente mecanizada con precisi\u00f3n y un orificio mecanizado con precisi\u00f3n para un ajuste real, los engranajes de la cadena de distribuci\u00f3n Cloyes ofrecen confiabilidad y seguridad para las reconstrucciones de motores y los trabajos de reemplazo t\u00edpicos.<\/li>\n<li>Las piezas Cloyes est\u00e1n dise\u00f1adas con CAD y fabricadas con materiales de primera calidad. Cada pieza se somete a pruebas exhaustivas y se mide su funcionamiento, ajuste y durabilidad para garantizar un rendimiento \u00f3ptimo<\/li>\n<li>Cloyes recomienda sustituir tambi\u00e9n los tensores de la cadena, los pi\u00f1ones y las gu\u00edas cuando se sustituya la cadena, ya que estos componentes desempe\u00f1an un papel fundamental en la estabilidad del sistema y en la precisi\u00f3n de la sincronizaci\u00f3n.<\/li>\n<li>Consulte nuestro cat\u00e1logo en l\u00ednea para obtener informaci\u00f3n detallada sobre aplicaciones espec\u00edficas<\/li>\n<li>Mantenga el tren de v\u00e1lvulas de su motor en perfecto estado con Cloyes, l\u00edder mundial en sistemas de accionamiento de la distribuci\u00f3n<\/li>\n<\/ul>\n\n","protected":false},"excerpt":{"rendered":"<p>Sustituci\u00f3n de componentes Engranajes de la cadena de distribuci\u00f3n Junto con la cadena de distribuci\u00f3n, los tensores y las gu\u00edas, los engranajes son un componente integral dentro del&#8230;<\/p>\n","protected":false},"author":3,"featured_media":0,"parent":7190,"menu_order":0,"comment_status":"closed","ping_status":"closed","template":"page-product.php","meta":{"footnotes":""},"class_list":["post-7196","page","type-page","status-publish","hentry"],"aioseo_notices":[],"_links":{"self":[{"href":"https:\/\/cloyes.com\/es-mx\/wp-json\/wp\/v2\/pages\/7196","targetHints":{"allow":["GET"]}}],"collection":[{"href":"https:\/\/cloyes.com\/es-mx\/wp-json\/wp\/v2\/pages"}],"about":[{"href":"https:\/\/cloyes.com\/es-mx\/wp-json\/wp\/v2\/types\/page"}],"author":[{"embeddable":true,"href":"https:\/\/cloyes.com\/es-mx\/wp-json\/wp\/v2\/users\/3"}],"replies":[{"embeddable":true,"href":"https:\/\/cloyes.com\/es-mx\/wp-json\/wp\/v2\/comments?post=7196"}],"version-history":[{"count":4,"href":"https:\/\/cloyes.com\/es-mx\/wp-json\/wp\/v2\/pages\/7196\/revisions"}],"predecessor-version":[{"id":8089,"href":"https:\/\/cloyes.com\/es-mx\/wp-json\/wp\/v2\/pages\/7196\/revisions\/8089"}],"up":[{"embeddable":true,"href":"https:\/\/cloyes.com\/es-mx\/wp-json\/wp\/v2\/pages\/7190"}],"wp:attachment":[{"href":"https:\/\/cloyes.com\/es-mx\/wp-json\/wp\/v2\/media?parent=7196"}],"curies":[{"name":"wp","href":"https:\/\/api.w.org\/{rel}","templated":true}]}}