{"id":7204,"date":"2019-06-18T12:30:32","date_gmt":"2019-06-18T12:30:32","guid":{"rendered":"https:\/\/cloyes.com\/alto-rendimiento\/juegos-de-distribucion-race-true-de-rodillos\/"},"modified":"2022-10-20T13:48:01","modified_gmt":"2022-10-20T13:48:01","slug":"juegos-de-distribucion-race-true-de-rodillos","status":"publish","type":"page","link":"https:\/\/cloyes.com\/es-mx\/alto-rendimiento\/juegos-de-distribucion-race-true-de-rodillos\/","title":{"rendered":"JUEGOS DE DISTRIBUCI\u00d3N RACE TRUE\u00ae DE RODILLOS"},"content":{"rendered":"\n<h2>\n\t\tAlto rendimiento\n\t<\/h2>\n\t\t\t\t<img loading=\"lazy\" decoding=\"async\" src=\"https:\/\/cloyes.com\/wp-content\/uploads\/2019\/06\/Race-True-Roller-Timing-Set.png\" alt=\"With three keyways for adjustability (4 degrees advanced, 4 degrees retarded, and normal), Cloyes Original race true roller timing sets are hand-matched to ensure precise chain tension\" itemprop=\"image\" height=\"360\" width=\"244\" title=\"Race-True-Roller-Timing-Set\" onerror=\"this.style.display='none'\"  \/>\n<h3>\n\t\tJUEGOS DE DISTRIBUCI\u00d3N RACE TRUE\u00ae DE RODILLOS\n\t<\/h3>\n\t<p><strong>Introducido por Cloyes en 1970, nuestros competidores pueden decir que tienen un verdadero rodillo pero s\u00f3lo Cloyes tiene el original.<\/strong><\/p>\n<ul>\n<li>Los juegos de distribuci\u00f3n Cloyes Race True Roller cuentan con cadenas de acci\u00f3n completa de rodillos fabricadas en acero de alta resistencia para una mayor durabilidad<\/li>\n<li>Los pi\u00f1ones de las levas se fabrican con hierro fundido o d\u00factil tratado t\u00e9rmicamente, mientras que los pi\u00f1ones del cig\u00fce\u00f1al se mecanizan con acero de alto contenido en carbono tratado t\u00e9rmicamente para mayor resistencia<\/li>\n<li>Los rodillos de 0,250 pulgadas est\u00e1n laminados en fr\u00edo y tienen un acabado duro seg\u00fan los est\u00e1ndares m\u00e1s exigentes, lo que aumenta la capacidad de carga y las RPM<\/li>\n<li>Con tres ranuras de ajuste (4 grados de avance, 4 grados de retraso y normal), los juegos de distribuci\u00f3n de rodillos originales de Cloyes se ajustan a mano para garantizar una tensi\u00f3n precisa de la cadena.<\/li>\n<li>Muchas aplicaciones disponibles en 0,005&#8243; y 0,010&#8243; de tama\u00f1o inferior<\/li>\n<li>Algunas aplicaciones disponibles con Z-Chain<\/li>\n<\/ul>\n\n","protected":false},"excerpt":{"rendered":"<p>Alto rendimiento JUEGOS DE DISTRIBUCI\u00d3N RACE TRUE\u00ae DE RODILLOS Introducido por Cloyes en 1970, nuestros competidores pueden decir que tienen un verdadero rodillo pero s\u00f3lo Cloyes tiene el&#8230;<\/p>\n","protected":false},"author":3,"featured_media":0,"parent":7163,"menu_order":0,"comment_status":"closed","ping_status":"closed","template":"page-product.php","meta":{"footnotes":""},"class_list":["post-7204","page","type-page","status-publish","hentry"],"aioseo_notices":[],"_links":{"self":[{"href":"https:\/\/cloyes.com\/es-mx\/wp-json\/wp\/v2\/pages\/7204","targetHints":{"allow":["GET"]}}],"collection":[{"href":"https:\/\/cloyes.com\/es-mx\/wp-json\/wp\/v2\/pages"}],"about":[{"href":"https:\/\/cloyes.com\/es-mx\/wp-json\/wp\/v2\/types\/page"}],"author":[{"embeddable":true,"href":"https:\/\/cloyes.com\/es-mx\/wp-json\/wp\/v2\/users\/3"}],"replies":[{"embeddable":true,"href":"https:\/\/cloyes.com\/es-mx\/wp-json\/wp\/v2\/comments?post=7204"}],"version-history":[{"count":2,"href":"https:\/\/cloyes.com\/es-mx\/wp-json\/wp\/v2\/pages\/7204\/revisions"}],"predecessor-version":[{"id":8095,"href":"https:\/\/cloyes.com\/es-mx\/wp-json\/wp\/v2\/pages\/7204\/revisions\/8095"}],"up":[{"embeddable":true,"href":"https:\/\/cloyes.com\/es-mx\/wp-json\/wp\/v2\/pages\/7163"}],"wp:attachment":[{"href":"https:\/\/cloyes.com\/es-mx\/wp-json\/wp\/v2\/media?parent=7204"}],"curies":[{"name":"wp","href":"https:\/\/api.w.org\/{rel}","templated":true}]}}