{"id":7218,"date":"2022-03-07T21:01:47","date_gmt":"2022-03-07T21:01:47","guid":{"rendered":"https:\/\/cloyes.com\/maestros-de-la-tienda\/"},"modified":"2024-08-01T20:24:09","modified_gmt":"2024-08-01T20:24:09","slug":"maestros-de-la-tienda","status":"publish","type":"page","link":"https:\/\/cloyes.com\/es-mx\/maestros-de-la-tienda\/","title":{"rendered":"Shop Masters"},"content":{"rendered":"\r\n<h1>\r\n\t\tSubscripci\u00f3n gratuita. <br \/>Recompensas ilimitadas.\r\n\t<\/h1>\r\n\t\t\t\t<img loading=\"lazy\" decoding=\"async\" src=\"https:\/\/cloyes.com\/wp-content\/uploads\/2021\/07\/workbench.jpg\" alt=\"Shop Masters workbench\" itemprop=\"image\" height=\"500\" width=\"900\" title=\"Shop Masters workbench\" onerror=\"this.style.display='none'\"  \/>\r\n\t<div class='_form_18'><\/div><script type='text\/javascript' src='https:\/\/cloyes.activehosted.com\/f\/embed.php?static=0&id=18&69D8C7CF4B7CD&nostyles=0&preview=0'><\/script>\r\n\t<h3><strong>\u00bfPor qu\u00e9 deber\u00edas unirte? Para empezar, no te costar\u00e1 ni un c\u00e9ntimo y podr\u00eda ayudar de verdad a tu carrera. Shop Masters M\u00e9xico se cre\u00f3 para mecanicos como usted que se enorgullecen de su trabajo y siempre tienen ganas de aprender.<\/strong><\/h3>\r\n<h3>\r\n\t\tCONOCE A ROBERT HILL.<br \/>SHOP TALK: EPISODIO 1\r\n\t<\/h3>\r\n\t<p>Robert Hill, propietario de AutoDRS en Knightdale, Carolina del Norte, lleva mucho tiempo en el negocio. Pero su pasi\u00f3n y energ\u00eda por lo que hace y por el propio sector es tan fresca como el d\u00eda en que empez\u00f3. Podr\u00edas aprender mucho de Robert. Sabe de lo que habla. <\/p>\r\n\t<iframe loading=\"lazy\" title=\"Cloyes presents: Shop Talk with Robert Hill - Part 1 of the Shop Masters Series\" width=\"640\" height=\"360\" src=\"https:\/\/www.youtube.com\/embed\/S4j8aAttMJk?feature=oembed\" frameborder=\"0\" allow=\"accelerometer; autoplay; clipboard-write; encrypted-media; gyroscope; picture-in-picture\" allowfullscreen><\/iframe>\r\n\t\t\t\t<img loading=\"lazy\" decoding=\"async\" src=\"https:\/\/cloyes.com\/wp-content\/uploads\/2021\/07\/Video.jpg\" alt=\"Shop Masters Instructional Video\" itemprop=\"image\" height=\"412\" width=\"800\" title=\"Shop Masters Instructional Video\" onerror=\"this.style.display='none'\"  \/>\r\n<h3>\r\n\t\tAPRENDER DE OTROS MECANICOS.\r\n\t<\/h3>\r\n\t<p>Como miembro de Shop Master M\u00e9xico, tendr\u00e1 acceso a una biblioteca de v\u00eddeos \u00fatiles sobre los sistemas de distribuci\u00f3n de Cloyes &#8211; desde revisiones en profundidad de los sistemas de cadena, a aprender sobre la graduaci\u00f3n adecuada del \u00e1rbol de levas con nuestro sistema Hex-A-Just, a los v\u00eddeos para el reemplazo de cadenas de distribuci\u00f3n en Toyotas, Fords, GMs y m\u00e1s.<\/p>\r\n<p>Conocer\u00e1s a otros Shop Masters en nuestra serie de perfiles de Shop Masters: veteranos del sector que hablan de c\u00f3mo sacar el m\u00e1ximo partido a tu carrera y c\u00f3mo ser tan exitoso y feliz en tu trabajo como puedas.<\/p>\r\n<h2>\r\n\t\t<strong>m\u00e1s razones para unirse<\/strong>\r\n\t<\/h2>\r\n\t\t\t\t<img loading=\"lazy\" decoding=\"async\" src=\"https:\/\/cloyes.com\/wp-content\/uploads\/2021\/07\/toolbox.jpg\" alt=\"Shop Masters toolbox\" itemprop=\"image\" height=\"500\" width=\"900\" title=\"Shop Masters toolbox\" onerror=\"this.style.display='none'\"  \/>\r\n<h3>\r\n\t\tSU INSIGNIA DE HONOR.\r\n\t<\/h3>\r\n\t<p>Para empezar a trabajar, cuando te hagas socio, te enviaremos una de estas geniales calcoman\u00edas de Shop Masters para hacerlo oficial. Ponlo en tu caja de herramientas. Que sepan qui\u00e9n eres.<\/p>\r\n\t\t\t\t<img loading=\"lazy\" decoding=\"async\" src=\"https:\/\/cloyes.com\/wp-content\/uploads\/2022\/04\/cloyes-shirt.jpg\" alt=\"Charcoal Shop Masters shirt\" itemprop=\"image\" height=\"500\" width=\"900\" title=\"Charcoal Shop Masters shirt\" onerror=\"this.style.display='none'\"  \/>\r\n<h3>\r\n\t\tGANAR ESTA CAMISETA. MU\u00c9STRALES QUI\u00c9N ERES.\r\n\t<\/h3>\r\n\t<p>Al unirse a la comunidad de Shop Masters, participar\u00e1 autom\u00e1ticamente en el sorteo de una camiseta oficial. Nuestros vendedores a\u00fan no tienen uno de estos.<\/p>\r\n\t\t\t<a href=\"#signup\" target=\"_self\" role=\"button\" rel=\"noopener\">\r\n\t\t\t\t\t\t\tHaga clic aqu\u00ed para registrarte\r\n\t\t\t<\/a>\r\n\r\n","protected":false},"excerpt":{"rendered":"<p>Subscripci\u00f3n gratuita. Recompensas ilimitadas. \u00bfPor qu\u00e9 deber\u00edas unirte? Para empezar, no te costar\u00e1 ni un c\u00e9ntimo y podr\u00eda ayudar de verdad a tu carrera. Shop Masters M\u00e9xico se&#8230;<\/p>\n","protected":false},"author":8,"featured_media":0,"parent":0,"menu_order":0,"comment_status":"closed","ping_status":"closed","template":"page-beaver.php","meta":{"footnotes":""},"class_list":["post-7218","page","type-page","status-publish","hentry"],"aioseo_notices":[],"_links":{"self":[{"href":"https:\/\/cloyes.com\/es-mx\/wp-json\/wp\/v2\/pages\/7218","targetHints":{"allow":["GET"]}}],"collection":[{"href":"https:\/\/cloyes.com\/es-mx\/wp-json\/wp\/v2\/pages"}],"about":[{"href":"https:\/\/cloyes.com\/es-mx\/wp-json\/wp\/v2\/types\/page"}],"author":[{"embeddable":true,"href":"https:\/\/cloyes.com\/es-mx\/wp-json\/wp\/v2\/users\/8"}],"replies":[{"embeddable":true,"href":"https:\/\/cloyes.com\/es-mx\/wp-json\/wp\/v2\/comments?post=7218"}],"version-history":[{"count":15,"href":"https:\/\/cloyes.com\/es-mx\/wp-json\/wp\/v2\/pages\/7218\/revisions"}],"predecessor-version":[{"id":8076,"href":"https:\/\/cloyes.com\/es-mx\/wp-json\/wp\/v2\/pages\/7218\/revisions\/8076"}],"wp:attachment":[{"href":"https:\/\/cloyes.com\/es-mx\/wp-json\/wp\/v2\/media?parent=7218"}],"curies":[{"name":"wp","href":"https:\/\/api.w.org\/{rel}","templated":true}]}}