{"id":9549,"date":"2024-07-22T09:50:53","date_gmt":"2024-07-22T09:50:53","guid":{"rendered":"https:\/\/cloyes.com\/new-homepage-2024\/"},"modified":"2025-10-24T20:44:44","modified_gmt":"2025-10-24T20:44:44","slug":"new-homepage-2024","status":"publish","type":"page","link":"https:\/\/cloyes.com\/es-mx\/","title":{"rendered":"New Homepage 2024"},"content":{"rendered":"\n\n\t<div id=\"srPartSearchWidget\" class=\"srPartSearchWidget\">\n                        \n                        <div class=\"field-wrap row\">\n                            <div class=\"col-xl col-12 ps-selectors\">\n                                <div class=\"row dropdown-container\">\n                                    <div class=\"col-12 col-xl-3 btnAsYears\">\n                                        <input type=\"hidden\" name=\"as-year\" id=\"asYear\"\n                                            placeholder=\"YEAR\" class=\"sel-feild\"\n                                            disabled \/>\n                                        <div class=\"sel-feild-mob\">\n                                            <select name=\"as-year-sel\" id=\"asYearSelect\">\n                                                <option value=\"\">YEAR<\/option>\n                                            <\/select>\n                                        <\/div>\n                                    <\/div>\n                                    <div class=\"col-12 col-xl-3 btnAsMakes\">\n                                        <input type=\"hidden\" name=\"as-make\" id=\"asMake\"\n                                            placeholder=\"MAKE\" class=\"sel-feild\"\n                                            disabled \/>\n                                        <div class=\"sel-feild-mob\">\n                                            <select name=\"as-make-sel\" id=\"asMakeSelect\">\n                                                <option value=\"\">MAKE<\/option>\n                                            <\/select>\n                                        <\/div>\n                                    <\/div>\n                                    <div class=\"col-12 col-xl-3 btnAsModels\">\n                                        <input type=\"hidden\" name=\"as-model\" id=\"asModel\"\n                                            placeholder=\"MODEL\" class=\"sel-feild\"\n                                            disabled \/>\n                                        <div class=\"sel-feild-mob\">\n                                            <select name=\"as-model-sel\" id=\"asModelSelect\">\n                                                <option value=\"\">MODEL<\/option>\n                                            <\/select>\n                                        <\/div>\n                                    <\/div>\n                                    <div class=\"col-12 col-xl-3 btnAsEngines\">\n                                        <input type=\"hidden\" name=\"as-engine\" id=\"asEngine\"\n                                            placeholder=\"ENGINE\" class=\"sel-feild\"\n                                            disabled \/>\n                                        <div class=\"sel-feild-mob\">\n                                            <select name=\"as-engine-sel\" id=\"asEngineSelect\">\n                                                <option value=\"\">ENGINE<\/option>\n                                            <\/select>\n                                        <\/div>\n                                    <\/div>\n                                <\/div>\n                            <\/div>\n                            \n                            <div class=\"col-xl-2 col-12 ps-searchbtn\">\n                                <a id=\"btnSearch\" href=\"javascript:;\">FIND PARTS<\/a>\n                                <div class=\"clearfix\"><\/div>\n                            <\/div>\n                        <\/div>\n                    <\/div>\n<h2>\n\t\t\tProductos\t<\/h2>\n\t\t\t\t<a href=\"https:\/\/cloyes.com\/es-mx\/distribucion\/kits-de-cadena-de-distribucion\/\"  target=\"_self\" itemprop=\"url\">\n\t\t\t\t<img decoding=\"async\" src=\"https:\/\/cloyes.com\/wp-content\/uploads\/2025\/08\/products-timing-1.jpg\" alt=\"products-timing\" itemprop=\"image\" height=\"431\" width=\"768\" title=\"products-timing\" onerror=\"this.style.display='none'\" loading=\"lazy\" \/>\n\t\t\t\t<\/a>\n<h3>\n\t\t\tSistemas de distribuci\u00f3n\t<\/h3>\n\t<p>Dise\u00f1ados para mantener el tren de v\u00e1lvulas de su motor en perfecta sincronizaci\u00f3n, garantizando un rendimiento y una fiabilidad \u00f3ptimos. Como l\u00edder mundial en sistemas de transmisi\u00f3n de la distribuci\u00f3n, Cloyes ofrece kits completos que cumplen o superan los est\u00e1ndares OEM. <\/p>\n\t\t\t<a href=\"https:\/\/cloyes.com\/es-mx\/distribucion\/kits-de-cadena-de-distribucion\/\" target=\"_self\">\n\t\t\t\t\t\t\tCONOZCA M\u00c1S\n\t\t\t\t\t<\/a>\n\t\t\t\t<a href=\"https:\/\/cloyes.com\/transmision-de-accesorios\/kits-de-transmision-de-accesorios\/\"  target=\"_self\" itemprop=\"url\">\n\t\t\t\t<img decoding=\"async\" src=\"https:\/\/cloyes.com\/wp-content\/uploads\/2025\/10\/products-abk.jpg\" alt=\"products-abk\" itemprop=\"image\" height=\"431\" width=\"768\" title=\"products-abk\" onerror=\"this.style.display='none'\" loading=\"lazy\" \/>\n\t\t\t\t<\/a>\n<h2>\n\t\t\tTransmisi\u00f3n de accesorios\t<\/h2>\n\t<p>Desde los viajes diarios hasta las condiciones exigentes, los componentes de transmisi\u00f3n de accesorios de Cloyes est\u00e1n construidos para el mundo real. Con m\u00e1s de un siglo de ingenier\u00eda de calidad OE confiable, nuestras soluciones est\u00e1n dise\u00f1adas para mantener los sistemas del motor funcionando de manera suave, silenciosa y confiable.<\/p>\n\t\t\t<a href=\"https:\/\/cloyes.com\/transmision-de-accesorios\/kits-de-transmision-de-accesorios\/\" target=\"_self\">\n\t\t\t\t\t\t\tCONOZCA M\u00c1S\n\t\t\t\t\t<\/a>\n\t\t\t\t<a href=\"https:\/\/cloyes.com\/es-mx\/alto-rendimiento-2\/kits-de-sincronizacion-de-alto-rendimiento\/\"  target=\"_self\" itemprop=\"url\">\n\t\t\t\t<img decoding=\"async\" src=\"https:\/\/cloyes.com\/wp-content\/uploads\/2025\/10\/products-high-performance.jpg\" alt=\"products-high-performance\" itemprop=\"image\" height=\"431\" width=\"768\" title=\"products-high-performance\" onerror=\"this.style.display='none'\" loading=\"lazy\" \/>\n\t\t\t\t<\/a>\n<h2>\n\t\t\tAlto rendimiento\t<\/h2>\n\t<p>Con m\u00e1s de 50 a\u00f1os de experiencia en el mundo de high performance, los kits de distribuci\u00f3n y los productos de competici\u00f3n de Cloyes cuentan con una tecnolog\u00eda avanzada y una calidad inigualable, para un rendimiento \u00f3ptimo en las carreras. Conf\u00ede en lo que conf\u00edan los profesionales.<\/p>\n\t\t\t<a href=\"https:\/\/cloyes.com\/es-mx\/alto-rendimiento-2\/kits-de-sincronizacion-de-alto-rendimiento\/\" target=\"_self\">\n\t\t\t\t\t\t\tCONOZCA M\u00c1S\n\t\t\t\t\t<\/a>\n\t\t\t\t<a href=\"https:\/\/cloyes.com\/trabajo-pesado\/kits-de-transmision-de-accesorios-de-alta-resistencia\/\"  target=\"_self\" itemprop=\"url\">\n\t\t\t\t<img decoding=\"async\" src=\"https:\/\/cloyes.com\/wp-content\/uploads\/2025\/08\/products-high-performance-1.jpg\" alt=\"products-high-performance\" itemprop=\"image\" height=\"431\" width=\"768\" title=\"products-high-performance\" onerror=\"this.style.display='none'\" loading=\"lazy\" \/>\n\t\t\t\t<\/a>\n<h2>\n\t\t\tTrabajo pesado\t<\/h2>\n\t<p>Con m\u00e1s de 50 a\u00f1os de experiencia en el mundo de high performance, los kits de distribuci\u00f3n y los productos de competici\u00f3n de Cloyes cuentan con una tecnolog\u00eda avanzada y una calidad inigualable, para un rendimiento \u00f3ptimo en las carreras. Conf\u00ede en lo que conf\u00edan los profesionales.<\/p>\n\t\t\t<a href=\"https:\/\/cloyes.com\/trabajo-pesado\/kits-de-transmision-de-accesorios-de-alta-resistencia\/\" target=\"_self\">\n\t\t\t\t\t\t\tCONOZCA M\u00c1S\n\t\t\t\t\t<\/a>\n<h2>\n\t\t\tCentro tecnol\u00f3gico\t<\/h2>\n<div class=\"post-category-list-container\"><ul id=\"postThreeCat\" class=\"post-category\"><li class=\"active\"><a href=\"all\">Todo<\/a><\/li><li><a href=\"uncategorized-es-mx\">Uncategorized @es-mx<\/a><\/li><li><a href=\"videos-tecnicos-es-mx\">V\u00eddeos t\u00e9cnicos<\/a><\/li><li><a href=\"instrucciones-de-instalacion-es-mx\">Instrucciones de instalaci\u00f3n<\/a><\/li><li><a href=\"consejos-de-instalacion-es-mx\">Consejos de instalaci\u00f3n<\/a><\/li><li><a href=\"noticias-es-mx\">Noticias<\/a><\/li><\/ul><div class=\"home-post-filter-nav for-desktop-only\"><a href=\"javascript:;\" id=\"rotateLeft\" class=\"rotate-left disabled\"><i class=\"fa fa-angle-left\"><\/i><\/a><a href=\"javascript:;\" id=\"rotateRight\" class=\"rotate-right\"><i class=\"fa fa-angle-right\"><\/i><\/a><\/div><div class=\"clearfix\"><\/div><div id=\"threePostWrap\" class=\"row post-list\"><div id=\"loading_more_blogs\" style=\"display:none;\"><div><\/div><\/div><div class=\"threepost col-md-4 col-sm-12\"><div class=\"post-list-individual\" data-aos=\"fade-up\" data-aos-duration=\"1500\"><a href=\"https:\/\/cloyes.com\/es-mx\/motores-ford-coyote-5-0l-video-de-reemplazo-de-la-cadena-de-distribucion-de-la-f-150-2015-2020-17\/\" class=\"post-thumb-anchor\"><div class=\"post-featured\" style=\"background-image:url(https:\/\/cloyes.com\/wp-content\/uploads\/2026\/03\/youtube-thumbnails-handoff-20-1.png);\"><\/div><\/a><h3 class=\"post-title\"><a href=\"https:\/\/cloyes.com\/es-mx\/motores-ford-coyote-5-0l-video-de-reemplazo-de-la-cadena-de-distribucion-de-la-f-150-2015-2020-17\/\">Motores Ford Coyote 5.0L: Video de reemplazo de la cadena de distribuci\u00f3n de la F-150 2015 - 2020<\/a><\/h3><strong><span class=\"cat-name\"><a href=\"\/category\/videos-tecnicos-es-mx\">V\u00eddeos t\u00e9cnicos<\/a><\/span><span class=\"meta-seperator\">|<\/span><span class=\"post-date\">marzo 25, 2026<\/span><\/strong><p><p>Productos Sistemas de distribuci\u00f3n Dise\u00f1ados para mantener el tren de v\u00e1lvulas de su motor en perfecta sincronizaci\u00f3n, garantizando un rendimiento y una fiabilidad \u00f3ptimos. Como l\u00edder mundial en&#8230;<\/p>\n <a class=\"post-read-more\" href=\"https:\/\/cloyes.com\/es-mx\/motores-ford-coyote-5-0l-video-de-reemplazo-de-la-cadena-de-distribucion-de-la-f-150-2015-2020-17\/\">\nLeer m\u00e1s<\/a><\/p><\/div><\/div><div class=\"threepost col-md-4 col-sm-12\"><div class=\"post-list-individual\" data-aos=\"fade-up\" data-aos-duration=\"1500\"><a href=\"https:\/\/cloyes.com\/es-mx\/cloyes-ofrece-su-mayor-expansion-de-cobertura-hasta-el-momento-se-agregan-123-nuevos-componentes-de-distribucion-variable-vvt-5\/\" class=\"post-thumb-anchor\"><div class=\"post-featured\" style=\"background-image:url(https:\/\/cloyes.com\/wp-content\/uploads\/2026\/03\/Website-Blog-Image-2.png);\"><\/div><\/a><h3 class=\"post-title\"><a href=\"https:\/\/cloyes.com\/es-mx\/cloyes-ofrece-su-mayor-expansion-de-cobertura-hasta-el-momento-se-agregan-123-nuevos-componentes-de-distribucion-variable-vvt-5\/\">Cloyes Ofrece Su Mayor Expansi\u00f3n de Cobertura Hasta el Momento: Se Agregan 123 Nuevos Componentes de Distribuci\u00f3n Variable (VVT)<\/a><\/h3><strong><span class=\"cat-name\"><a href=\"\/category\/noticias-es-mx\">Noticias<\/a><\/span><span class=\"meta-seperator\">|<\/span><span class=\"post-date\">marzo 23, 2026<\/span><\/strong><p>Cloyes est\u00e1 expandiendo su l\u00ednea de productos de distribuci\u00f3n variable (VVT) con 123 nuevos n\u00fameros de pieza que cubren veh\u00edculos nacionales e importados populares de 1997-2025. Este lanzamiento... <a class=\"post-read-more\" href=\"https:\/\/cloyes.com\/es-mx\/cloyes-ofrece-su-mayor-expansion-de-cobertura-hasta-el-momento-se-agregan-123-nuevos-componentes-de-distribucion-variable-vvt-5\/\">\nLeer m\u00e1s<\/a><\/p><\/div><\/div><div class=\"threepost col-md-4 col-sm-12\"><div class=\"post-list-individual\" data-aos=\"fade-up\" data-aos-duration=\"1500\"><a href=\"https:\/\/cloyes.com\/es-mx\/motores-ford-coyote-5-0l-video-de-reemplazo-de-la-cadena-de-distribucion-de-la-f-150-2015-2020-16\/\" class=\"post-thumb-anchor\"><div class=\"post-featured\" style=\"background-image:url(https:\/\/cloyes.com\/wp-content\/uploads\/2026\/03\/youtube-thumbnails-handoff-19.png);\"><\/div><\/a><h3 class=\"post-title\"><a href=\"https:\/\/cloyes.com\/es-mx\/motores-ford-coyote-5-0l-video-de-reemplazo-de-la-cadena-de-distribucion-de-la-f-150-2015-2020-16\/\">Motores Ford Coyote 5.0L: Video de reemplazo de la cadena de distribuci\u00f3n de la F-150 2015 - 2020<\/a><\/h3><strong><span class=\"cat-name\"><a href=\"\/category\/videos-tecnicos-es-mx\">V\u00eddeos t\u00e9cnicos<\/a><\/span><span class=\"meta-seperator\">|<\/span><span class=\"post-date\">marzo 19, 2026<\/span><\/strong><p>Este video t\u00e9cnico de Cloyes cubre la extracci\u00f3n e instalaci\u00f3n del sistema de distribuci\u00f3n para los motores Coyote 5.0L 2015 a 2020 F-150 V8 de Ford. Esto solo... <a class=\"post-read-more\" href=\"https:\/\/cloyes.com\/es-mx\/motores-ford-coyote-5-0l-video-de-reemplazo-de-la-cadena-de-distribucion-de-la-f-150-2015-2020-16\/\">\nLeer m\u00e1s<\/a><\/p><\/div><\/div><\/div><\/div>\n\n","protected":false},"excerpt":{"rendered":"<p>Productos Sistemas de distribuci\u00f3n Dise\u00f1ados para mantener el tren de v\u00e1lvulas de su motor en perfecta sincronizaci\u00f3n, garantizando un rendimiento y una fiabilidad \u00f3ptimos. Como l\u00edder mundial en&#8230;<\/p>\n","protected":false},"author":3,"featured_media":0,"parent":0,"menu_order":0,"comment_status":"closed","ping_status":"closed","template":"page-beaver.php","meta":{"footnotes":""},"class_list":["post-9549","page","type-page","status-publish","hentry"],"aioseo_notices":[],"_links":{"self":[{"href":"https:\/\/cloyes.com\/es-mx\/wp-json\/wp\/v2\/pages\/9549","targetHints":{"allow":["GET"]}}],"collection":[{"href":"https:\/\/cloyes.com\/es-mx\/wp-json\/wp\/v2\/pages"}],"about":[{"href":"https:\/\/cloyes.com\/es-mx\/wp-json\/wp\/v2\/types\/page"}],"author":[{"embeddable":true,"href":"https:\/\/cloyes.com\/es-mx\/wp-json\/wp\/v2\/users\/3"}],"replies":[{"embeddable":true,"href":"https:\/\/cloyes.com\/es-mx\/wp-json\/wp\/v2\/comments?post=9549"}],"version-history":[{"count":4,"href":"https:\/\/cloyes.com\/es-mx\/wp-json\/wp\/v2\/pages\/9549\/revisions"}],"predecessor-version":[{"id":10786,"href":"https:\/\/cloyes.com\/es-mx\/wp-json\/wp\/v2\/pages\/9549\/revisions\/10786"}],"wp:attachment":[{"href":"https:\/\/cloyes.com\/es-mx\/wp-json\/wp\/v2\/media?parent=9549"}],"curies":[{"name":"wp","href":"https:\/\/api.w.org\/{rel}","templated":true}]}}